{"id":245,"date":"2017-08-30T00:52:31","date_gmt":"2017-08-30T00:52:31","guid":{"rendered":"http:\/\/www.coopsuramerica.com.co\/web\/?page_id=245"},"modified":"2024-03-05T20:13:50","modified_gmt":"2024-03-05T20:13:50","slug":"historia","status":"publish","type":"page","link":"https:\/\/www.coopsuramerica.com.co\/web\/quienes-somos\/historia\/","title":{"rendered":"Rese\u00f1a"},"content":{"rendered":"\t\t<div data-elementor-type=\"wp-page\" data-elementor-id=\"245\" class=\"elementor elementor-245\">\n\t\t\t\t\t\t<section class=\"elementor-section elementor-top-section elementor-element elementor-element-1708d33 elementor-section-boxed elementor-section-height-default elementor-section-height-default\" data-id=\"1708d33\" data-element_type=\"section\" data-e-type=\"section\">\n\t\t\t\t\t\t<div class=\"elementor-container elementor-column-gap-default\">\n\t\t\t\t\t<div class=\"elementor-column elementor-col-100 elementor-top-column elementor-element elementor-element-6abb39b\" data-id=\"6abb39b\" data-element_type=\"column\" data-e-type=\"column\">\n\t\t\t<div class=\"elementor-widget-wrap elementor-element-populated\">\n\t\t\t\t\t\t<div class=\"elementor-element elementor-element-d396055 elementor-invisible elementor-widget elementor-widget-heading\" data-id=\"d396055\" data-element_type=\"widget\" data-e-type=\"widget\" data-settings=\"{&quot;_animation&quot;:&quot;fadeInDown&quot;}\" data-widget_type=\"heading.default\">\n\t\t\t\t<div class=\"elementor-widget-container\">\n\t\t\t\t\t<h2 class=\"elementor-heading-title elementor-size-default\">NUESTRO NEGOCIO<\/h2>\t\t\t\t<\/div>\n\t\t\t\t<\/div>\n\t\t\t\t<div class=\"elementor-element elementor-element-d118f4e elementor-widget-divider--view-line elementor-widget elementor-widget-divider\" data-id=\"d118f4e\" data-element_type=\"widget\" data-e-type=\"widget\" data-widget_type=\"divider.default\">\n\t\t\t\t<div class=\"elementor-widget-container\">\n\t\t\t\t\t\t\t<div class=\"elementor-divider\">\n\t\t\t<span class=\"elementor-divider-separator\">\n\t\t\t\t\t\t<\/span>\n\t\t<\/div>\n\t\t\t\t\t\t<\/div>\n\t\t\t\t<\/div>\n\t\t\t\t\t<\/div>\n\t\t<\/div>\n\t\t\t\t\t<\/div>\n\t\t<\/section>\n\t\t\t\t<section class=\"elementor-section elementor-top-section elementor-element elementor-element-0bd93ab elementor-section-boxed elementor-section-height-default elementor-section-height-default\" data-id=\"0bd93ab\" data-element_type=\"section\" data-e-type=\"section\">\n\t\t\t\t\t\t<div class=\"elementor-container elementor-column-gap-default\">\n\t\t\t\t\t<div class=\"elementor-column elementor-col-66 elementor-top-column elementor-element elementor-element-b28f1a9\" data-id=\"b28f1a9\" data-element_type=\"column\" data-e-type=\"column\">\n\t\t\t<div class=\"elementor-widget-wrap elementor-element-populated\">\n\t\t\t\t\t\t<div class=\"elementor-element elementor-element-87bc1ea elementor-invisible elementor-widget elementor-widget-text-editor\" data-id=\"87bc1ea\" data-element_type=\"widget\" data-e-type=\"widget\" data-settings=\"{&quot;_animation&quot;:&quot;fadeInLeft&quot;}\" data-widget_type=\"text-editor.default\">\n\t\t\t\t<div class=\"elementor-widget-container\">\n\t\t\t\t\t\t\t\t\t<p style=\"text-align: justify;\">Somos una cooperativa de ahorro y cr\u00e9dito que ejerce la actividad financiera con sus asociados, compuesto por personas jur\u00eddicas sin animo de lucro, empleados de empresas del sector financiero, de servicios, sector productivo y personas independientes calificadas, mediante la captaci\u00f3n de ahorros y aportes sociales, para revertirlos a ellos en forma de pr\u00e9stamos y servicios sociales a trav\u00e9s de una atenci\u00f3n personalizada, oportuna y eficiente de sus necesidades personales, familiares y empresariales.<\/p>\t\t\t\t\t\t\t\t<\/div>\n\t\t\t\t<\/div>\n\t\t\t\t\t<\/div>\n\t\t<\/div>\n\t\t\t\t<div class=\"elementor-column elementor-col-33 elementor-top-column elementor-element elementor-element-d38988d\" data-id=\"d38988d\" data-element_type=\"column\" data-e-type=\"column\">\n\t\t\t<div class=\"elementor-widget-wrap elementor-element-populated\">\n\t\t\t\t\t\t<div class=\"elementor-element elementor-element-d2f7b84 elementor-invisible elementor-widget elementor-widget-image\" data-id=\"d2f7b84\" data-element_type=\"widget\" data-e-type=\"widget\" data-settings=\"{&quot;_animation&quot;:&quot;fadeInRight&quot;}\" data-widget_type=\"image.default\">\n\t\t\t\t<div class=\"elementor-widget-container\">\n\t\t\t\t\t\t\t\t\t\t\t\t\t\t\t<img fetchpriority=\"high\" decoding=\"async\" width=\"837\" height=\"480\" src=\"https:\/\/www.coopsuramerica.com.co\/web\/wp-content\/uploads\/2020\/02\/logo2-sin-fondo-1024x587.png\" class=\"attachment-large size-large wp-image-2531\" alt=\"\" srcset=\"https:\/\/www.coopsuramerica.com.co\/web\/wp-content\/uploads\/2020\/02\/logo2-sin-fondo-1024x587.png 1024w, https:\/\/www.coopsuramerica.com.co\/web\/wp-content\/uploads\/2020\/02\/logo2-sin-fondo-300x172.png 300w, https:\/\/www.coopsuramerica.com.co\/web\/wp-content\/uploads\/2020\/02\/logo2-sin-fondo-768x440.png 768w, https:\/\/www.coopsuramerica.com.co\/web\/wp-content\/uploads\/2020\/02\/logo2-sin-fondo-750x430.png 750w, https:\/\/www.coopsuramerica.com.co\/web\/wp-content\/uploads\/2020\/02\/logo2-sin-fondo.png 2048w\" sizes=\"(max-width: 837px) 100vw, 837px\" \/>\t\t\t\t\t\t\t\t\t\t\t\t\t\t\t<\/div>\n\t\t\t\t<\/div>\n\t\t\t\t\t<\/div>\n\t\t<\/div>\n\t\t\t\t\t<\/div>\n\t\t<\/section>\n\t\t\t\t<section class=\"elementor-section elementor-top-section elementor-element elementor-element-4b9d018 elementor-section-boxed elementor-section-height-default elementor-section-height-default\" data-id=\"4b9d018\" data-element_type=\"section\" data-e-type=\"section\">\n\t\t\t\t\t\t<div class=\"elementor-container elementor-column-gap-default\">\n\t\t\t\t\t<div class=\"elementor-column elementor-col-50 elementor-top-column elementor-element elementor-element-539e879\" data-id=\"539e879\" data-element_type=\"column\" data-e-type=\"column\">\n\t\t\t<div class=\"elementor-widget-wrap elementor-element-populated\">\n\t\t\t\t\t\t<div class=\"elementor-element elementor-element-094ee58 elementor-alert-success elementor-invisible elementor-widget elementor-widget-alert\" data-id=\"094ee58\" data-element_type=\"widget\" data-e-type=\"widget\" data-settings=\"{&quot;_animation&quot;:&quot;fadeInLeft&quot;}\" data-widget_type=\"alert.default\">\n\t\t\t\t<div class=\"elementor-widget-container\">\n\t\t\t\t\t\t\t<div class=\"elementor-alert\" role=\"alert\">\n\n\t\t\t\t\t\t<span class=\"elementor-alert-title\">MISI\u00d3N<\/span>\n\t\t\t\n\t\t\t\t\t\t<span class=\"elementor-alert-description\">Nuestra misi\u00f3n es ofrecer \u00f3ptimos servicios financieros y sociales, para satisfacer el desarrollo integral del asociado y su familia<\/span>\n\t\t\t\n\t\t\t\n\t\t<\/div>\n\t\t\t\t\t\t<\/div>\n\t\t\t\t<\/div>\n\t\t\t\t\t<\/div>\n\t\t<\/div>\n\t\t\t\t<div class=\"elementor-column elementor-col-50 elementor-top-column elementor-element elementor-element-2e67ac6\" data-id=\"2e67ac6\" data-element_type=\"column\" data-e-type=\"column\">\n\t\t\t<div class=\"elementor-widget-wrap elementor-element-populated\">\n\t\t\t\t\t\t<div class=\"elementor-element elementor-element-e44f83a elementor-alert-success elementor-invisible elementor-widget elementor-widget-alert\" data-id=\"e44f83a\" data-element_type=\"widget\" data-e-type=\"widget\" data-settings=\"{&quot;_animation&quot;:&quot;fadeInLeft&quot;}\" data-widget_type=\"alert.default\">\n\t\t\t\t<div class=\"elementor-widget-container\">\n\t\t\t\t\t\t\t<div class=\"elementor-alert\" role=\"alert\">\n\n\t\t\t\t\t\t<span class=\"elementor-alert-title\">VISI\u00d3N<\/span>\n\t\t\t\n\t\t\t\t\t\t<span class=\"elementor-alert-description\">Ser un modelo de Cooperativismo relacional acompa\u00f1ando a los Asociados y su familia en su crecimiento social y econ\u00f3mico, apoyados en tecnolog\u00edas modernas<\/span>\n\t\t\t\n\t\t\t\n\t\t<\/div>\n\t\t\t\t\t\t<\/div>\n\t\t\t\t<\/div>\n\t\t\t\t\t<\/div>\n\t\t<\/div>\n\t\t\t\t\t<\/div>\n\t\t<\/section>\n\t\t\t\t<section class=\"elementor-section elementor-top-section elementor-element elementor-element-f9bbac1 elementor-section-boxed elementor-section-height-default elementor-section-height-default\" data-id=\"f9bbac1\" data-element_type=\"section\" data-e-type=\"section\">\n\t\t\t\t\t\t<div class=\"elementor-container elementor-column-gap-default\">\n\t\t\t\t\t<div class=\"elementor-column elementor-col-100 elementor-top-column elementor-element elementor-element-6c911bd\" data-id=\"6c911bd\" data-element_type=\"column\" data-e-type=\"column\">\n\t\t\t<div class=\"elementor-widget-wrap elementor-element-populated\">\n\t\t\t\t\t\t<div class=\"elementor-element elementor-element-073ded5 elementor-widget elementor-widget-spacer\" data-id=\"073ded5\" data-element_type=\"widget\" data-e-type=\"widget\" data-widget_type=\"spacer.default\">\n\t\t\t\t<div class=\"elementor-widget-container\">\n\t\t\t\t\t\t\t<div class=\"elementor-spacer\">\n\t\t\t<div class=\"elementor-spacer-inner\"><\/div>\n\t\t<\/div>\n\t\t\t\t\t\t<\/div>\n\t\t\t\t<\/div>\n\t\t\t\t<div class=\"elementor-element elementor-element-e95be93 elementor-align-justify elementor-widget elementor-widget-button\" data-id=\"e95be93\" data-element_type=\"widget\" data-e-type=\"widget\" data-widget_type=\"button.default\">\n\t\t\t\t<div class=\"elementor-widget-container\">\n\t\t\t\t\t\t\t\t\t<div class=\"elementor-button-wrapper\">\n\t\t\t\t\t<a class=\"elementor-button elementor-button-link elementor-size-xl elementor-animation-pulse-shrink\" href=\"https:\/\/www.coopsuramerica.com.co\/web\/estatutos\/\">\n\t\t\t\t\t\t<span class=\"elementor-button-content-wrapper\">\n\t\t\t\t\t\t<span class=\"elementor-button-icon\">\n\t\t\t\t<svg aria-hidden=\"true\" class=\"e-font-icon-svg e-far-file-alt\" viewBox=\"0 0 384 512\" xmlns=\"http:\/\/www.w3.org\/2000\/svg\"><path d=\"M288 248v28c0 6.6-5.4 12-12 12H108c-6.6 0-12-5.4-12-12v-28c0-6.6 5.4-12 12-12h168c6.6 0 12 5.4 12 12zm-12 72H108c-6.6 0-12 5.4-12 12v28c0 6.6 5.4 12 12 12h168c6.6 0 12-5.4 12-12v-28c0-6.6-5.4-12-12-12zm108-188.1V464c0 26.5-21.5 48-48 48H48c-26.5 0-48-21.5-48-48V48C0 21.5 21.5 0 48 0h204.1C264.8 0 277 5.1 286 14.1L369.9 98c9 8.9 14.1 21.2 14.1 33.9zm-128-80V128h76.1L256 51.9zM336 464V176H232c-13.3 0-24-10.7-24-24V48H48v416h288z\"><\/path><\/svg>\t\t\t<\/span>\n\t\t\t\t\t\t\t\t\t<span class=\"elementor-button-text\">CONSULTA NUESTROS ESTATUTOS AQU\u00cd<\/span>\n\t\t\t\t\t<\/span>\n\t\t\t\t\t<\/a>\n\t\t\t\t<\/div>\n\t\t\t\t\t\t\t\t<\/div>\n\t\t\t\t<\/div>\n\t\t\t\t<div class=\"elementor-element elementor-element-92431fe elementor-widget elementor-widget-spacer\" data-id=\"92431fe\" data-element_type=\"widget\" data-e-type=\"widget\" data-widget_type=\"spacer.default\">\n\t\t\t\t<div class=\"elementor-widget-container\">\n\t\t\t\t\t\t\t<div class=\"elementor-spacer\">\n\t\t\t<div class=\"elementor-spacer-inner\"><\/div>\n\t\t<\/div>\n\t\t\t\t\t\t<\/div>\n\t\t\t\t<\/div>\n\t\t\t\t<div class=\"elementor-element elementor-element-fc82243 elementor-invisible elementor-widget elementor-widget-heading\" data-id=\"fc82243\" data-element_type=\"widget\" data-e-type=\"widget\" data-settings=\"{&quot;_animation&quot;:&quot;fadeInDown&quot;}\" data-widget_type=\"heading.default\">\n\t\t\t\t<div class=\"elementor-widget-container\">\n\t\t\t\t\t<h2 class=\"elementor-heading-title elementor-size-default\">HISTORIA<\/h2>\t\t\t\t<\/div>\n\t\t\t\t<\/div>\n\t\t\t\t<div class=\"elementor-element elementor-element-25d052c elementor-widget-divider--view-line elementor-widget elementor-widget-divider\" data-id=\"25d052c\" data-element_type=\"widget\" data-e-type=\"widget\" data-widget_type=\"divider.default\">\n\t\t\t\t<div class=\"elementor-widget-container\">\n\t\t\t\t\t\t\t<div class=\"elementor-divider\">\n\t\t\t<span class=\"elementor-divider-separator\">\n\t\t\t\t\t\t<\/span>\n\t\t<\/div>\n\t\t\t\t\t\t<\/div>\n\t\t\t\t<\/div>\n\t\t\t\t\t<\/div>\n\t\t<\/div>\n\t\t\t\t\t<\/div>\n\t\t<\/section>\n\t\t\t\t<section class=\"elementor-section elementor-top-section elementor-element elementor-element-f298930 elementor-section-boxed elementor-section-height-default elementor-section-height-default\" data-id=\"f298930\" data-element_type=\"section\" data-e-type=\"section\">\n\t\t\t\t\t\t<div class=\"elementor-container elementor-column-gap-default\">\n\t\t\t\t\t<div class=\"elementor-column elementor-col-66 elementor-top-column elementor-element elementor-element-9508d46\" data-id=\"9508d46\" data-element_type=\"column\" data-e-type=\"column\">\n\t\t\t<div class=\"elementor-widget-wrap elementor-element-populated\">\n\t\t\t\t\t\t<div class=\"elementor-element elementor-element-4f022c9 elementor-widget elementor-widget-video\" data-id=\"4f022c9\" data-element_type=\"widget\" data-e-type=\"widget\" data-settings=\"{&quot;youtube_url&quot;:&quot;https:\\\/\\\/youtu.be\\\/wykKe-KBzos&quot;,&quot;video_type&quot;:&quot;youtube&quot;,&quot;controls&quot;:&quot;yes&quot;}\" data-widget_type=\"video.default\">\n\t\t\t\t<div class=\"elementor-widget-container\">\n\t\t\t\t\t\t\t<div class=\"elementor-wrapper elementor-open-inline\">\n\t\t\t<div class=\"elementor-video\"><\/div>\t\t<\/div>\n\t\t\t\t\t\t<\/div>\n\t\t\t\t<\/div>\n\t\t\t\t<div class=\"elementor-element elementor-element-383dfaf elementor-widget elementor-widget-image\" data-id=\"383dfaf\" data-element_type=\"widget\" data-e-type=\"widget\" data-widget_type=\"image.default\">\n\t\t\t\t<div class=\"elementor-widget-container\">\n\t\t\t\t\t\t\t\t\t\t\t\t\t\t\t<img decoding=\"async\" width=\"748\" height=\"984\" src=\"https:\/\/www.coopsuramerica.com.co\/web\/wp-content\/uploads\/2017\/08\/acta1.jpg\" class=\"attachment-large size-large wp-image-340\" alt=\"\" srcset=\"https:\/\/www.coopsuramerica.com.co\/web\/wp-content\/uploads\/2017\/08\/acta1.jpg 748w, https:\/\/www.coopsuramerica.com.co\/web\/wp-content\/uploads\/2017\/08\/acta1-228x300.jpg 228w\" sizes=\"(max-width: 748px) 100vw, 748px\" \/>\t\t\t\t\t\t\t\t\t\t\t\t\t\t\t<\/div>\n\t\t\t\t<\/div>\n\t\t\t\t<div class=\"elementor-element elementor-element-86d43b2 elementor-widget elementor-widget-image\" data-id=\"86d43b2\" data-element_type=\"widget\" data-e-type=\"widget\" data-widget_type=\"image.default\">\n\t\t\t\t<div class=\"elementor-widget-container\">\n\t\t\t\t\t\t\t\t\t\t\t\t\t\t\t<img decoding=\"async\" width=\"747\" height=\"451\" src=\"https:\/\/www.coopsuramerica.com.co\/web\/wp-content\/uploads\/2017\/08\/actac2.jpg\" class=\"attachment-large size-large wp-image-363\" alt=\"\" srcset=\"https:\/\/www.coopsuramerica.com.co\/web\/wp-content\/uploads\/2017\/08\/actac2.jpg 747w, https:\/\/www.coopsuramerica.com.co\/web\/wp-content\/uploads\/2017\/08\/actac2-300x181.jpg 300w\" sizes=\"(max-width: 747px) 100vw, 747px\" \/>\t\t\t\t\t\t\t\t\t\t\t\t\t\t\t<\/div>\n\t\t\t\t<\/div>\n\t\t\t\t\t<\/div>\n\t\t<\/div>\n\t\t\t\t<div class=\"elementor-column elementor-col-33 elementor-top-column elementor-element elementor-element-17a0bce\" data-id=\"17a0bce\" data-element_type=\"column\" data-e-type=\"column\">\n\t\t\t<div class=\"elementor-widget-wrap elementor-element-populated\">\n\t\t\t\t\t\t<div class=\"elementor-element elementor-element-e0f3623 elementor-invisible elementor-widget elementor-widget-text-editor\" data-id=\"e0f3623\" data-element_type=\"widget\" data-e-type=\"widget\" data-settings=\"{&quot;_animation&quot;:&quot;fadeInLeft&quot;}\" data-widget_type=\"text-editor.default\">\n\t\t\t\t<div class=\"elementor-widget-container\">\n\t\t\t\t\t\t\t\t\t<p style=\"text-align: justify;\">COOPSURAMERICA, empresa asociativa sin \u00e1nimo de lucro, fundada en el a\u00f1o 1948 por los empleados del Banco Franc\u00e9s e Italiano para la Am\u00e9rica del Sur, con Personer\u00eda Jur\u00eddica No. 0057 del 20 de Enero de 1948, con permiso para ejercer la actividad financiera, seg\u00fan resoluci\u00f3n No. 0586 del 07 de Julio de 2001, de la Supersolidaria, especializada en ahorro y cr\u00e9dito, vigilada por el gobierno a trav\u00e9s de la Superintendencia de la Econom\u00eda Solidaria; establecidos en Bogot\u00e1 con asociados en diferentes ciudades del Pa\u00eds e inscritos ante el FOGACOOP.<\/p>\t\t\t\t\t\t\t\t<\/div>\n\t\t\t\t<\/div>\n\t\t\t\t<div class=\"elementor-element elementor-element-5612410 elementor-widget elementor-widget-image\" data-id=\"5612410\" data-element_type=\"widget\" data-e-type=\"widget\" data-widget_type=\"image.default\">\n\t\t\t\t<div class=\"elementor-widget-container\">\n\t\t\t\t\t\t\t\t\t\t\t\t\t\t\t<img loading=\"lazy\" decoding=\"async\" width=\"748\" height=\"845\" src=\"https:\/\/www.coopsuramerica.com.co\/web\/wp-content\/uploads\/2017\/08\/acta3.jpg\" class=\"attachment-large size-large wp-image-361\" alt=\"\" srcset=\"https:\/\/www.coopsuramerica.com.co\/web\/wp-content\/uploads\/2017\/08\/acta3.jpg 748w, https:\/\/www.coopsuramerica.com.co\/web\/wp-content\/uploads\/2017\/08\/acta3-266x300.jpg 266w\" sizes=\"(max-width: 748px) 100vw, 748px\" \/>\t\t\t\t\t\t\t\t\t\t\t\t\t\t\t<\/div>\n\t\t\t\t<\/div>\n\t\t\t\t<div class=\"elementor-element elementor-element-1a0fc2d elementor-widget elementor-widget-image\" data-id=\"1a0fc2d\" data-element_type=\"widget\" data-e-type=\"widget\" data-widget_type=\"image.default\">\n\t\t\t\t<div class=\"elementor-widget-container\">\n\t\t\t\t\t\t\t\t\t\t\t\t\t\t\t<img loading=\"lazy\" decoding=\"async\" width=\"749\" height=\"517\" src=\"https:\/\/www.coopsuramerica.com.co\/web\/wp-content\/uploads\/2017\/08\/presidentes.jpg\" class=\"attachment-large size-large wp-image-358\" alt=\"\" srcset=\"https:\/\/www.coopsuramerica.com.co\/web\/wp-content\/uploads\/2017\/08\/presidentes.jpg 749w, https:\/\/www.coopsuramerica.com.co\/web\/wp-content\/uploads\/2017\/08\/presidentes-300x207.jpg 300w\" sizes=\"(max-width: 749px) 100vw, 749px\" \/>\t\t\t\t\t\t\t\t\t\t\t\t\t\t\t<\/div>\n\t\t\t\t<\/div>\n\t\t\t\t<div class=\"elementor-element elementor-element-347393a elementor-invisible elementor-widget elementor-widget-image\" data-id=\"347393a\" data-element_type=\"widget\" data-e-type=\"widget\" data-settings=\"{&quot;_animation&quot;:&quot;fadeInRight&quot;}\" data-widget_type=\"image.default\">\n\t\t\t\t<div class=\"elementor-widget-container\">\n\t\t\t\t\t\t\t\t\t\t\t\t\t\t\t<img fetchpriority=\"high\" decoding=\"async\" width=\"837\" height=\"480\" src=\"https:\/\/www.coopsuramerica.com.co\/web\/wp-content\/uploads\/2020\/02\/logo2-sin-fondo-1024x587.png\" class=\"attachment-large size-large wp-image-2531\" alt=\"\" srcset=\"https:\/\/www.coopsuramerica.com.co\/web\/wp-content\/uploads\/2020\/02\/logo2-sin-fondo-1024x587.png 1024w, https:\/\/www.coopsuramerica.com.co\/web\/wp-content\/uploads\/2020\/02\/logo2-sin-fondo-300x172.png 300w, https:\/\/www.coopsuramerica.com.co\/web\/wp-content\/uploads\/2020\/02\/logo2-sin-fondo-768x440.png 768w, https:\/\/www.coopsuramerica.com.co\/web\/wp-content\/uploads\/2020\/02\/logo2-sin-fondo-750x430.png 750w, https:\/\/www.coopsuramerica.com.co\/web\/wp-content\/uploads\/2020\/02\/logo2-sin-fondo.png 2048w\" sizes=\"(max-width: 837px) 100vw, 837px\" \/>\t\t\t\t\t\t\t\t\t\t\t\t\t\t\t<\/div>\n\t\t\t\t<\/div>\n\t\t\t\t<div class=\"elementor-element elementor-element-16bbb56 elementor-widget elementor-widget-image\" data-id=\"16bbb56\" data-element_type=\"widget\" data-e-type=\"widget\" data-widget_type=\"image.default\">\n\t\t\t\t<div class=\"elementor-widget-container\">\n\t\t\t\t\t\t\t\t\t\t\t\t\t\t\t<img loading=\"lazy\" decoding=\"async\" width=\"837\" height=\"84\" src=\"https:\/\/www.coopsuramerica.com.co\/web\/wp-content\/uploads\/2024\/03\/vigilados.png\" class=\"attachment-large size-large wp-image-7498\" alt=\"\" srcset=\"https:\/\/www.coopsuramerica.com.co\/web\/wp-content\/uploads\/2024\/03\/vigilados.png 1000w, https:\/\/www.coopsuramerica.com.co\/web\/wp-content\/uploads\/2024\/03\/vigilados-300x30.png 300w, https:\/\/www.coopsuramerica.com.co\/web\/wp-content\/uploads\/2024\/03\/vigilados-768x77.png 768w\" sizes=\"(max-width: 837px) 100vw, 837px\" \/>\t\t\t\t\t\t\t\t\t\t\t\t\t\t\t<\/div>\n\t\t\t\t<\/div>\n\t\t\t\t\t<\/div>\n\t\t<\/div>\n\t\t\t\t\t<\/div>\n\t\t<\/section>\n\t\t\t\t<section class=\"elementor-section elementor-top-section elementor-element elementor-element-fca77e4 elementor-section-boxed elementor-section-height-default elementor-section-height-default\" data-id=\"fca77e4\" data-element_type=\"section\" data-e-type=\"section\">\n\t\t\t\t\t\t<div class=\"elementor-container elementor-column-gap-default\">\n\t\t\t\t\t<div class=\"elementor-column elementor-col-100 elementor-top-column elementor-element elementor-element-5824f86\" data-id=\"5824f86\" data-element_type=\"column\" data-e-type=\"column\">\n\t\t\t<div class=\"elementor-widget-wrap\">\n\t\t\t\t\t\t\t<\/div>\n\t\t<\/div>\n\t\t\t\t\t<\/div>\n\t\t<\/section>\n\t\t\t\t<section class=\"elementor-section elementor-top-section elementor-element elementor-element-f1d13ea elementor-section-boxed elementor-section-height-default elementor-section-height-default\" data-id=\"f1d13ea\" data-element_type=\"section\" data-e-type=\"section\">\n\t\t\t\t\t\t<div class=\"elementor-container elementor-column-gap-default\">\n\t\t\t\t\t<div class=\"elementor-column elementor-col-100 elementor-top-column elementor-element elementor-element-3c6f031\" data-id=\"3c6f031\" data-element_type=\"column\" data-e-type=\"column\">\n\t\t\t<div class=\"elementor-widget-wrap\">\n\t\t\t\t\t\t\t<\/div>\n\t\t<\/div>\n\t\t\t\t\t<\/div>\n\t\t<\/section>\n\t\t\t\t<\/div>\n\t\t","protected":false},"excerpt":{"rendered":"<p>NUESTRO NEGOCIO Somos una cooperativa de ahorro y cr\u00e9dito que ejerce la actividad financiera con sus asociados, compuesto por personas jur\u00eddicas sin animo de lucro, empleados de empresas del sector financiero, de servicios, sector productivo y personas independientes calificadas, mediante la captaci\u00f3n de ahorros y aportes sociales, para revertirlos a ellos en forma de pr\u00e9stamos <a class=\"read-more\" href=\"https:\/\/www.coopsuramerica.com.co\/web\/quienes-somos\/historia\/\">LEER M\u00c1S<\/a><\/p>\n","protected":false},"author":1,"featured_media":0,"parent":226,"menu_order":0,"comment_status":"closed","ping_status":"closed","template":"","meta":{"_monsterinsights_skip_tracking":false,"_monsterinsights_sitenote_active":false,"_monsterinsights_sitenote_note":"","_monsterinsights_sitenote_category":0,"footnotes":""},"class_list":["post-245","page","type-page","status-publish","hentry"],"_links":{"self":[{"href":"https:\/\/www.coopsuramerica.com.co\/web\/wp-json\/wp\/v2\/pages\/245","targetHints":{"allow":["GET"]}}],"collection":[{"href":"https:\/\/www.coopsuramerica.com.co\/web\/wp-json\/wp\/v2\/pages"}],"about":[{"href":"https:\/\/www.coopsuramerica.com.co\/web\/wp-json\/wp\/v2\/types\/page"}],"author":[{"embeddable":true,"href":"https:\/\/www.coopsuramerica.com.co\/web\/wp-json\/wp\/v2\/users\/1"}],"replies":[{"embeddable":true,"href":"https:\/\/www.coopsuramerica.com.co\/web\/wp-json\/wp\/v2\/comments?post=245"}],"version-history":[{"count":0,"href":"https:\/\/www.coopsuramerica.com.co\/web\/wp-json\/wp\/v2\/pages\/245\/revisions"}],"up":[{"embeddable":true,"href":"https:\/\/www.coopsuramerica.com.co\/web\/wp-json\/wp\/v2\/pages\/226"}],"wp:attachment":[{"href":"https:\/\/www.coopsuramerica.com.co\/web\/wp-json\/wp\/v2\/media?parent=245"}],"curies":[{"name":"wp","href":"https:\/\/api.w.org\/{rel}","templated":true}]}}