{"id":247,"date":"2017-08-30T00:52:46","date_gmt":"2017-08-30T00:52:46","guid":{"rendered":"http:\/\/www.coopsuramerica.com.co\/web\/?page_id=247"},"modified":"2020-09-22T20:12:22","modified_gmt":"2020-09-22T20:12:22","slug":"nuestro-negocio","status":"publish","type":"page","link":"https:\/\/www.coopsuramerica.com.co\/web\/quienes-somos\/nuestro-negocio\/","title":{"rendered":"Nuestro Negocio"},"content":{"rendered":"<p>[vc_row][vc_column][vc_message message_box_style=\u00bbsolid-icon\u00bb message_box_color=\u00bbgreen\u00bb icon_fontawesome=\u00bbfa fa-briefcase\u00bb]<span style=\"color: #008000;\">NUESTRO NEGOCIO<\/span>[\/vc_message][\/vc_column][\/vc_row][vc_row][vc_column width=\u00bb1\/2&#8243;][vc_column_text]<img fetchpriority=\"high\" decoding=\"async\" class=\"size-medium wp-image-2531 aligncenter\" src=\"https:\/\/www.coopsuramerica.com.co\/web\/wp-content\/uploads\/2020\/02\/logo2-sin-fondo-300x172.png\" alt=\"\" width=\"300\" height=\"172\" srcset=\"https:\/\/www.coopsuramerica.com.co\/web\/wp-content\/uploads\/2020\/02\/logo2-sin-fondo-300x172.png 300w, https:\/\/www.coopsuramerica.com.co\/web\/wp-content\/uploads\/2020\/02\/logo2-sin-fondo-768x440.png 768w, https:\/\/www.coopsuramerica.com.co\/web\/wp-content\/uploads\/2020\/02\/logo2-sin-fondo-1024x587.png 1024w, https:\/\/www.coopsuramerica.com.co\/web\/wp-content\/uploads\/2020\/02\/logo2-sin-fondo-750x430.png 750w, https:\/\/www.coopsuramerica.com.co\/web\/wp-content\/uploads\/2020\/02\/logo2-sin-fondo.png 2048w\" sizes=\"(max-width: 300px) 100vw, 300px\" \/>[\/vc_column_text][\/vc_column][vc_column width=\u00bb1\/2&#8243;][vc_column_text]<\/p>\n<div align=\"justify\"><span style=\"color: #000000;\">Somos una cooperativa de ahorro y cr\u00e9dito que ejerce la actividad financiera con sus asociados, compuesto por personas jur\u00eddicas sin animo de lucro, empleados de empresas del sector financiero, de servicios, sector productivo y personas independientes calificadas, mediante la captaci\u00f3n de ahorros y aportes sociales, para revertirlos a ellos en forma de pr\u00e9stamos y servicios sociales a trav\u00e9s de una atenci\u00f3n personalizada, oportuna y eficiente de sus necesidades personales, familiares y empresariales.<\/span><\/div>\n<p><center><span style=\"color: #008000;\"><strong>Coopsuramerica Su Mejor Opci\u00f3n<\/strong><\/span><\/center>&nbsp;[\/vc_column_text][\/vc_column][\/vc_row]<\/p>\n","protected":false},"excerpt":{"rendered":"<p>[vc_row][vc_column][vc_message message_box_style=\u00bbsolid-icon\u00bb message_box_color=\u00bbgreen\u00bb icon_fontawesome=\u00bbfa fa-briefcase\u00bb]NUESTRO NEGOCIO[\/vc_message][\/vc_column][\/vc_row][vc_row][vc_column width=\u00bb1\/2&#8243;][vc_column_text][\/vc_column_text][\/vc_column][vc_column width=\u00bb1\/2&#8243;][vc_column_text] Somos una cooperativa de ahorro y cr\u00e9dito que ejerce la actividad financiera con sus asociados, compuesto por personas jur\u00eddicas sin animo de lucro, empleados de empresas del sector financiero, de servicios, sector productivo y personas independientes calificadas, mediante la captaci\u00f3n de ahorros y aportes sociales, para revertirlos <a class=\"read-more\" href=\"https:\/\/www.coopsuramerica.com.co\/web\/quienes-somos\/nuestro-negocio\/\">LEER M\u00c1S<\/a><\/p>\n","protected":false},"author":1,"featured_media":0,"parent":226,"menu_order":0,"comment_status":"closed","ping_status":"closed","template":"","meta":{"_monsterinsights_skip_tracking":false,"_monsterinsights_sitenote_active":false,"_monsterinsights_sitenote_note":"","_monsterinsights_sitenote_category":0,"footnotes":""},"class_list":["post-247","page","type-page","status-publish","hentry"],"_links":{"self":[{"href":"https:\/\/www.coopsuramerica.com.co\/web\/wp-json\/wp\/v2\/pages\/247","targetHints":{"allow":["GET"]}}],"collection":[{"href":"https:\/\/www.coopsuramerica.com.co\/web\/wp-json\/wp\/v2\/pages"}],"about":[{"href":"https:\/\/www.coopsuramerica.com.co\/web\/wp-json\/wp\/v2\/types\/page"}],"author":[{"embeddable":true,"href":"https:\/\/www.coopsuramerica.com.co\/web\/wp-json\/wp\/v2\/users\/1"}],"replies":[{"embeddable":true,"href":"https:\/\/www.coopsuramerica.com.co\/web\/wp-json\/wp\/v2\/comments?post=247"}],"version-history":[{"count":0,"href":"https:\/\/www.coopsuramerica.com.co\/web\/wp-json\/wp\/v2\/pages\/247\/revisions"}],"up":[{"embeddable":true,"href":"https:\/\/www.coopsuramerica.com.co\/web\/wp-json\/wp\/v2\/pages\/226"}],"wp:attachment":[{"href":"https:\/\/www.coopsuramerica.com.co\/web\/wp-json\/wp\/v2\/media?parent=247"}],"curies":[{"name":"wp","href":"https:\/\/api.w.org\/{rel}","templated":true}]}}