{"id":255,"date":"2017-08-30T00:54:03","date_gmt":"2017-08-30T00:54:03","guid":{"rendered":"http:\/\/www.coopsuramerica.com.co\/web\/?page_id=255"},"modified":"2025-05-08T21:41:29","modified_gmt":"2025-05-08T21:41:29","slug":"ahorro-a-la-vista","status":"publish","type":"page","link":"https:\/\/www.coopsuramerica.com.co\/web\/ahorro-a-la-vista\/","title":{"rendered":"Ahorros a la Vista"},"content":{"rendered":"\t\t<div data-elementor-type=\"wp-page\" data-elementor-id=\"255\" class=\"elementor elementor-255\">\n\t\t\t\t<div class=\"elementor-element elementor-element-822c452 e-flex e-con-boxed e-con e-parent\" data-id=\"822c452\" data-element_type=\"container\" data-e-type=\"container\">\n\t\t\t\t\t<div class=\"e-con-inner\">\n\t\t\t\t<div class=\"elementor-element elementor-element-9accbb3 elementor-invisible elementor-widget elementor-widget-elementskit-heading\" data-id=\"9accbb3\" data-element_type=\"widget\" data-e-type=\"widget\" data-settings=\"{&quot;_animation&quot;:&quot;fadeInLeft&quot;}\" data-widget_type=\"elementskit-heading.default\">\n\t\t\t\t<div class=\"elementor-widget-container\">\n\t\t\t\t\t<div class=\"ekit-wid-con\" ><div class=\"ekit-heading elementskit-section-title-wraper text_center   ekit_heading_tablet-   ekit_heading_mobile-\">\t\t\t\t<span class='ekit-heading__shadow-text'>\n\t\t\t\t\tInvierte en tu futuro!\t\t\t\t<\/span>\n\t\t\t<h2 class=\"ekit-heading--title elementskit-section-title  ekit-heading__title-has-border start\">Cuenta de <span><span>AHORRO A LA VISTA<\/span><\/span><\/h2><div class=\"ekit_heading_separetor_wraper ekit_heading_elementskit-border-divider ekit-dotted\"><div class=\"elementskit-border-divider ekit-dotted\"><\/div><\/div><\/div><\/div>\t\t\t\t<\/div>\n\t\t\t\t<\/div>\n\t\t\t\t\t<\/div>\n\t\t\t\t<\/div>\n\t\t<div class=\"elementor-element elementor-element-d0110f0 e-flex e-con-boxed e-con e-parent\" data-id=\"d0110f0\" data-element_type=\"container\" data-e-type=\"container\">\n\t\t\t\t\t<div class=\"e-con-inner\">\n\t\t<div class=\"elementor-element elementor-element-3661974 e-con-full e-flex e-con e-child\" data-id=\"3661974\" data-element_type=\"container\" data-e-type=\"container\">\n\t\t\t\t<div class=\"elementor-element elementor-element-a64629d elementor-invisible elementor-widget elementor-widget-image\" data-id=\"a64629d\" data-element_type=\"widget\" data-e-type=\"widget\" data-settings=\"{&quot;_animation&quot;:&quot;bounceIn&quot;}\" data-widget_type=\"image.default\">\n\t\t\t\t<div class=\"elementor-widget-container\">\n\t\t\t\t\t\t\t\t\t\t\t\t\t\t\t<img fetchpriority=\"high\" decoding=\"async\" width=\"837\" height=\"471\" src=\"https:\/\/www.coopsuramerica.com.co\/web\/wp-content\/uploads\/2023\/02\/AHORRO-1024x576.png\" class=\"attachment-large size-large wp-image-6713\" alt=\"\" srcset=\"https:\/\/www.coopsuramerica.com.co\/web\/wp-content\/uploads\/2023\/02\/AHORRO-1024x576.png 1024w, https:\/\/www.coopsuramerica.com.co\/web\/wp-content\/uploads\/2023\/02\/AHORRO-300x169.png 300w, https:\/\/www.coopsuramerica.com.co\/web\/wp-content\/uploads\/2023\/02\/AHORRO-768x432.png 768w, https:\/\/www.coopsuramerica.com.co\/web\/wp-content\/uploads\/2023\/02\/AHORRO.png 1120w\" sizes=\"(max-width: 837px) 100vw, 837px\" \/>\t\t\t\t\t\t\t\t\t\t\t\t\t\t\t<\/div>\n\t\t\t\t<\/div>\n\t\t\t\t<\/div>\n\t\t<div class=\"elementor-element elementor-element-88d12ed e-con-full e-flex e-con e-child\" data-id=\"88d12ed\" data-element_type=\"container\" data-e-type=\"container\">\n\t\t\t\t<div class=\"elementor-element elementor-element-e5d26ea elementor-widget elementor-widget-text-editor\" data-id=\"e5d26ea\" data-element_type=\"widget\" data-e-type=\"widget\" data-widget_type=\"text-editor.default\">\n\t\t\t\t<div class=\"elementor-widget-container\">\n\t\t\t\t\t\t\t\t\t<div class=\"content user-select-text\" tabindex=\"0\" aria-description=\"\" aria-label=\"Enviado por Copilot: \u00a1Por supuesto! Aqu\u00ed tienes un texto promocional para una cuenta de ahorros:\n\n---\n\n**\u00a1Ahorra hoy para un mejor ma\u00f1ana con nuestra Cuenta de Ahorros!**\n\n\u00bfQuieres hacer crecer tu dinero de manera segura y efectiva? Nuestra Cuenta de Ahorros es la opci\u00f3n ideal para ti. Con ella, podr\u00e1s:\n\n- **Intereses competitivos**: Gana m\u00e1s con nuestras atractivas tasas de inter\u00e9s.\n- **Acceso f\u00e1cil y r\u00e1pido**: Consulta tu saldo y realiza transferencias en cualquier momento a trav\u00e9s de nuestra app m\u00f3vil.\n- **Seguridad total**: Tus ahorros est\u00e1n protegidos con las m\u00e1s avanzadas medidas de seguridad.\n- **Sin comisiones ocultas**: Disfruta de una cuenta transparente, sin cargos sorpresa.\n- **Flexibilidad**: Deposita y retira dinero cuando lo necesites, sin restricciones.\n\n\u00a1Empieza a ahorrar hoy mismo y asegura tu futuro financiero! Abre tu Cuenta de Ahorros con nosotros y descubre todas las ventajas que tenemos para ofrecerte.\n\n---\n\n\u00bfTe gustar\u00eda a\u00f1adir algo m\u00e1s o necesitas alg\u00fan ajuste en el texto?\"><div class=\"ac-container ac-adaptiveCard\"><div class=\"ac-textBlock\"><p>\u00a0<\/p><p><span style=\"color: #008000;\"><strong>\u00a1Ahorra hoy para un mejor ma\u00f1ana con nuestra Cuenta de Ahorros a la vista Coopsuramerica!<\/strong><\/span><\/p><p>\u00bfQuieres hacer crecer tu dinero de manera segura y efectiva? Nuestra Cuenta de Ahorros es la opci\u00f3n ideal para ti. Con ella, tendr\u00e1s:<\/p><ul><li><span style=\"color: #ff6600;\"><strong>Acceso f\u00e1cil y r\u00e1pido<\/strong>:<\/span> Consulta tu saldo en cualquier momento a trav\u00e9s de nuestra Consulta web en l\u00ednea<\/li><li><span style=\"color: #ff6600;\"><strong>Seguridad total<\/strong>:<\/span> Tus ahorros est\u00e1n protegidos con las m\u00e1s avanzadas medidas de seguridad.<\/li><li><span style=\"color: #ff6600;\"><strong>Flexibilidad<\/strong>:<\/span> Deposita y retira dinero cuando lo necesites, sin restricciones.<\/li><\/ul><p>\u00a1Empieza a ahorrar hoy mismo y asegura tu futuro financiero! Abre tu Cuenta de Ahorros a la vista con nosotros y descubre todas las ventajas que tenemos para ofrecerte.<\/p><\/div><\/div><\/div>\t\t\t\t\t\t\t\t<\/div>\n\t\t\t\t<\/div>\n\t\t\t\t<\/div>\n\t\t\t\t\t<\/div>\n\t\t\t\t<\/div>\n\t\t<div class=\"elementor-element elementor-element-4af5e52 e-flex e-con-boxed e-con e-parent\" data-id=\"4af5e52\" data-element_type=\"container\" data-e-type=\"container\">\n\t\t\t\t\t<div class=\"e-con-inner\">\n\t\t\t\t<div class=\"elementor-element elementor-element-c753ad2 elementor-alert-success elementor-widget elementor-widget-alert\" data-id=\"c753ad2\" data-element_type=\"widget\" data-e-type=\"widget\" data-widget_type=\"alert.default\">\n\t\t\t\t<div class=\"elementor-widget-container\">\n\t\t\t\t\t\t\t<div class=\"elementor-alert\" role=\"alert\">\n\n\t\t\t\t\t\t<span class=\"elementor-alert-title\">Puedes solicitar que no se te cobre GMF por retiros hasta 350 UVT mensuales, Sino tienes otra cuenta exenta<\/span>\n\t\t\t\n\t\t\t\t\t\t<span class=\"elementor-alert-description\">Obtienes intereses sobre saldos diarios de tu cuenta de ahorros que son abonados mensualmente,  disponibilidad de tu dinero en forma permanente e inmediata, realizando retiros en nuestras cajas, o en la red ATH del Grupo AVAL, utilizando nuestra Tarjeta D\u00e9bito TAVA.<\/span>\n\t\t\t\n\t\t\t\n\t\t<\/div>\n\t\t\t\t\t\t<\/div>\n\t\t\t\t<\/div>\n\t\t\t\t\t<\/div>\n\t\t\t\t<\/div>\n\t\t<div class=\"elementor-element elementor-element-239fe1a e-flex e-con-boxed e-con e-parent\" data-id=\"239fe1a\" data-element_type=\"container\" data-e-type=\"container\">\n\t\t\t\t\t<div class=\"e-con-inner\">\n\t\t\t\t\t<\/div>\n\t\t\t\t<\/div>\n\t\t<div class=\"elementor-element elementor-element-caba37f e-flex e-con-boxed e-con e-parent\" data-id=\"caba37f\" data-element_type=\"container\" data-e-type=\"container\">\n\t\t\t\t\t<div class=\"e-con-inner\">\n\t\t<div class=\"elementor-element elementor-element-86782ce e-con-full e-flex e-con e-child\" data-id=\"86782ce\" data-element_type=\"container\" data-e-type=\"container\">\n\t\t\t\t<div class=\"elementor-element elementor-element-fd23622 elementor-widget elementor-widget-image\" data-id=\"fd23622\" data-element_type=\"widget\" data-e-type=\"widget\" data-widget_type=\"image.default\">\n\t\t\t\t<div class=\"elementor-widget-container\">\n\t\t\t\t\t\t\t\t\t\t\t\t\t\t\t<img decoding=\"async\" width=\"837\" height=\"593\" src=\"https:\/\/www.coopsuramerica.com.co\/web\/wp-content\/uploads\/2024\/09\/Tava-1024x726.jpg\" class=\"attachment-large size-large wp-image-8121\" alt=\"tava\" srcset=\"https:\/\/www.coopsuramerica.com.co\/web\/wp-content\/uploads\/2024\/09\/Tava-1024x726.jpg 1024w, https:\/\/www.coopsuramerica.com.co\/web\/wp-content\/uploads\/2024\/09\/Tava-300x213.jpg 300w, https:\/\/www.coopsuramerica.com.co\/web\/wp-content\/uploads\/2024\/09\/Tava-768x545.jpg 768w, https:\/\/www.coopsuramerica.com.co\/web\/wp-content\/uploads\/2024\/09\/Tava-1536x1090.jpg 1536w, https:\/\/www.coopsuramerica.com.co\/web\/wp-content\/uploads\/2024\/09\/Tava.jpg 1748w\" sizes=\"(max-width: 837px) 100vw, 837px\" \/>\t\t\t\t\t\t\t\t\t\t\t\t\t\t\t<\/div>\n\t\t\t\t<\/div>\n\t\t\t\t<\/div>\n\t\t<div class=\"elementor-element elementor-element-fa336b6 e-con-full e-flex e-con e-child\" data-id=\"fa336b6\" data-element_type=\"container\" data-e-type=\"container\">\n\t\t\t\t<div class=\"elementor-element elementor-element-00f4a7a elementor-widget elementor-widget-text-editor\" data-id=\"00f4a7a\" data-element_type=\"widget\" data-e-type=\"widget\" data-widget_type=\"text-editor.default\">\n\t\t\t\t<div class=\"elementor-widget-container\">\n\t\t\t\t\t\t\t\t\t<div class=\"content user-select-text\" tabindex=\"0\" aria-description=\"\" aria-label=\"Enviado por Copilot: \u00a1Claro! Aqu\u00ed tienes un texto promocional para una tarjeta de d\u00e9bito:\n\n---\n\n**\u00a1Descubre la libertad financiera con nuestra Tarjeta de D\u00e9bito!**\n\n\u00bfEst\u00e1s buscando una manera segura y conveniente de manejar tu dinero? Nuestra Tarjeta de D\u00e9bito es la soluci\u00f3n perfecta para ti. Con ella, podr\u00e1s:\n\n- **Acceso inmediato a tus fondos**: Realiza compras en tiendas f\u00edsicas y en l\u00ednea sin complicaciones.\n- **Retiro de efectivo**: Accede a tu dinero en cualquier cajero autom\u00e1tico, en cualquier momento.\n- **Seguridad garantizada**: Disfruta de protecci\u00f3n contra fraudes y transacciones no autorizadas.\n- **Control total**: Monitorea tus gastos y saldos en tiempo real a trav\u00e9s de nuestra app m\u00f3vil.\n- **Beneficios exclusivos**: Obt\u00e9n descuentos y promociones especiales en establecimientos seleccionados.\n\n\u00a1No esperes m\u00e1s! Solicita tu Tarjeta de D\u00e9bito hoy mismo y empieza a disfrutar de todas estas ventajas. \n\n---\n\n\u00bfTe gustar\u00eda agregar algo m\u00e1s o necesitas alg\u00fan ajuste en el texto?\"><div class=\"ac-container ac-adaptiveCard\"><div class=\"ac-textBlock\"><p>\u00a0<\/p><p><span style=\"color: #008000;\"><strong>\u00a1Descubre la libertad financiera con nuestra Tarjeta de D\u00e9bito &#8211; Cr\u00e9dito TAVA!<\/strong><\/span><\/p><p>\u00bfEst\u00e1s buscando una manera segura y conveniente de manejar tu dinero? Nuestra Tarjeta de D\u00e9bito es la soluci\u00f3n perfecta para ti. Con ella, podr\u00e1s tener:<\/p><ul><li><span style=\"color: #ff6600;\"><strong>Acceso inmediato a los fondos de tu cuenta de ahorro a la vista y cupo de cr\u00e9dito<\/strong>:<\/span> Realiza compras en tiendas f\u00edsicas y en l\u00ednea sin complicaciones.<\/li><li><span style=\"color: #ff6600;\"><strong>Retiro de efectivo<\/strong>:<\/span> Accede a tu dinero en cualquier cajero autom\u00e1tico de la red ATH, en cualquier momento.<\/li><li><span style=\"color: #ff6600;\"><strong>Seguridad garantizada<\/strong>:<\/span> Disfruta de protecci\u00f3n contra fraudes y transacciones no autorizadas.<\/li><li><span style=\"color: #ff6600;\"><strong>Control total<\/strong>:<\/span> Monitorea tus gastos y saldos en tiempo real a trav\u00e9s de nuestra Consulta web en l\u00ednea.<\/li><li><span style=\"color: #ff6600;\"><strong>Beneficios exclusivos<\/strong>:<\/span> Obt\u00e9n descuentos y promociones especiales en establecimientos seleccionados.<\/li><\/ul><p>\u00a1No esperes m\u00e1s! Solicita tu Tarjeta TAVA hoy mismo y empieza a disfrutar de todas estas ventajas.<\/p><\/div><\/div><div class=\"ad-container\">\u00a0<\/div><\/div>\t\t\t\t\t\t\t\t<\/div>\n\t\t\t\t<\/div>\n\t\t\t\t<\/div>\n\t\t\t\t\t<\/div>\n\t\t\t\t<\/div>\n\t\t<div class=\"elementor-element elementor-element-e716e3c e-flex e-con-boxed e-con e-parent\" data-id=\"e716e3c\" data-element_type=\"container\" data-e-type=\"container\">\n\t\t\t\t\t<div class=\"e-con-inner\">\n\t\t\t\t<div class=\"elementor-element elementor-element-4ce0bc2 elementor-widget elementor-widget-spacer\" data-id=\"4ce0bc2\" data-element_type=\"widget\" data-e-type=\"widget\" data-widget_type=\"spacer.default\">\n\t\t\t\t<div class=\"elementor-widget-container\">\n\t\t\t\t\t\t\t<div class=\"elementor-spacer\">\n\t\t\t<div class=\"elementor-spacer-inner\"><\/div>\n\t\t<\/div>\n\t\t\t\t\t\t<\/div>\n\t\t\t\t<\/div>\n\t\t\t\t\t<\/div>\n\t\t\t\t<\/div>\n\t\t\t\t<section class=\"elementor-section elementor-top-section elementor-element elementor-element-7da21f1 elementor-section-boxed elementor-section-height-default elementor-section-height-default\" data-id=\"7da21f1\" data-element_type=\"section\" data-e-type=\"section\">\n\t\t\t\t\t\t<div class=\"elementor-container elementor-column-gap-default\">\n\t\t\t\t\t<div class=\"elementor-column elementor-col-100 elementor-top-column elementor-element elementor-element-426b4df\" data-id=\"426b4df\" data-element_type=\"column\" data-e-type=\"column\">\n\t\t\t<div class=\"elementor-widget-wrap elementor-element-populated\">\n\t\t\t\t\t\t<div class=\"elementor-element elementor-element-1c8f6db elementor-invisible elementor-widget elementor-widget-elementskit-heading\" data-id=\"1c8f6db\" data-element_type=\"widget\" data-e-type=\"widget\" data-settings=\"{&quot;_animation&quot;:&quot;bounceInDown&quot;}\" data-widget_type=\"elementskit-heading.default\">\n\t\t\t\t<div class=\"elementor-widget-container\">\n\t\t\t\t\t<div class=\"ekit-wid-con\" ><div class=\"ekit-heading elementskit-section-title-wraper text_center   ekit_heading_tablet-   ekit_heading_mobile-\"><div class=\"ekit_heading_separetor_wraper ekit_heading_elementskit-border-divider ekit-dotted\"><div class=\"elementskit-border-divider ekit-dotted\"><\/div><\/div><h6 class=\"ekit-heading--title elementskit-section-title \"><span><span>Otros enlaces de inter\u00e9s<\/span><\/span><\/h6><\/div><\/div>\t\t\t\t<\/div>\n\t\t\t\t<\/div>\n\t\t\t\t<div class=\"elementor-element elementor-element-fcd1563 elementor-invisible elementor-widget elementor-widget-ekit-nav-menu\" data-id=\"fcd1563\" data-element_type=\"widget\" data-e-type=\"widget\" data-settings=\"{&quot;_animation&quot;:&quot;bounceInUp&quot;}\" data-widget_type=\"ekit-nav-menu.default\">\n\t\t\t\t<div class=\"elementor-widget-container\">\n\t\t\t\t\t\t\t<nav class=\"ekit-wid-con ekit_menu_responsive_mobile\"\n\t\t\tdata-hamburger-icon=\"\"\n\t\t\tdata-hamburger-icon-type=\"icon\"\n\t\t\tdata-responsive-breakpoint=\"767\">\n\t\t\t            <button class=\"elementskit-menu-hamburger elementskit-menu-toggler\"  type=\"button\" aria-label=\"hamburger-icon\">\n                                    <span class=\"elementskit-menu-hamburger-icon\"><\/span><span class=\"elementskit-menu-hamburger-icon\"><\/span><span class=\"elementskit-menu-hamburger-icon\"><\/span>\n                            <\/button>\n            <div id=\"ekit-megamenu-ahorro\" class=\"elementskit-menu-container elementskit-menu-offcanvas-elements elementskit-navbar-nav-default ekit-nav-menu-one-page- ekit-nav-dropdown-hover\"><ul id=\"menu-ahorro\" class=\"elementskit-navbar-nav elementskit-menu-po-center submenu-click-on-icon\"><li id=\"menu-item-2782\" class=\"menu-item menu-item-type-post_type menu-item-object-page menu-item-2782 nav-item elementskit-mobile-builder-content\" data-vertical-menu=750px><a href=\"https:\/\/www.coopsuramerica.com.co\/web\/ahorro-a-la-vista\/\" class=\"ekit-menu-nav-link\">Ahorros a la Vista<\/a><\/li>\n<li id=\"menu-item-2783\" class=\"menu-item menu-item-type-post_type menu-item-object-page menu-item-2783 nav-item elementskit-mobile-builder-content\" data-vertical-menu=750px><a href=\"https:\/\/www.coopsuramerica.com.co\/web\/ahorro-programado\/\" class=\"ekit-menu-nav-link\">Ahorro programado<\/a><\/li>\n<li id=\"menu-item-2784\" class=\"menu-item menu-item-type-post_type menu-item-object-page menu-item-2784 nav-item elementskit-mobile-builder-content\" data-vertical-menu=750px><a href=\"https:\/\/www.coopsuramerica.com.co\/web\/aportes\/\" class=\"ekit-menu-nav-link\">Aportes Sociales en Coopsuramerica<\/a><\/li>\n<li id=\"menu-item-2785\" class=\"menu-item menu-item-type-post_type menu-item-object-page menu-item-2785 nav-item elementskit-mobile-builder-content\" data-vertical-menu=750px><a href=\"https:\/\/www.coopsuramerica.com.co\/web\/cdats\/\" class=\"ekit-menu-nav-link\">Invierte en tu futuro &#8211; CDATS Coopsuramerica<\/a><\/li>\n<\/ul><div class=\"elementskit-nav-identity-panel\"><button class=\"elementskit-menu-close elementskit-menu-toggler\" type=\"button\">X<\/button><\/div><\/div>\n\t\t\t<div class=\"elementskit-menu-overlay elementskit-menu-offcanvas-elements elementskit-menu-toggler ekit-nav-menu--overlay\"><\/div>        <\/nav>\n\t\t\t\t\t\t<\/div>\n\t\t\t\t<\/div>\n\t\t\t\t\t<\/div>\n\t\t<\/div>\n\t\t\t\t\t<\/div>\n\t\t<\/section>\n\t\t<div class=\"elementor-element elementor-element-c88cc5d e-flex e-con-boxed e-con e-parent\" data-id=\"c88cc5d\" data-element_type=\"container\" data-e-type=\"container\">\n\t\t\t\t\t<div class=\"e-con-inner\">\n\t\t\t\t<div class=\"elementor-element elementor-element-5040d6a elementor-widget elementor-widget-image\" data-id=\"5040d6a\" data-element_type=\"widget\" data-e-type=\"widget\" data-widget_type=\"image.default\">\n\t\t\t\t<div class=\"elementor-widget-container\">\n\t\t\t\t\t\t\t\t\t\t\t\t\t\t\t<img decoding=\"async\" width=\"768\" height=\"152\" src=\"https:\/\/www.coopsuramerica.com.co\/web\/wp-content\/uploads\/2024\/03\/1-768x152.png\" class=\"attachment-medium_large size-medium_large wp-image-7510\" alt=\"\" srcset=\"https:\/\/www.coopsuramerica.com.co\/web\/wp-content\/uploads\/2024\/03\/1-768x152.png 768w, https:\/\/www.coopsuramerica.com.co\/web\/wp-content\/uploads\/2024\/03\/1-300x59.png 300w, https:\/\/www.coopsuramerica.com.co\/web\/wp-content\/uploads\/2024\/03\/1-1024x203.png 1024w, https:\/\/www.coopsuramerica.com.co\/web\/wp-content\/uploads\/2024\/03\/1.png 1233w\" sizes=\"(max-width: 768px) 100vw, 768px\" \/>\t\t\t\t\t\t\t\t\t\t\t\t\t\t\t<\/div>\n\t\t\t\t<\/div>\n\t\t\t\t\t<\/div>\n\t\t\t\t<\/div>\n\t\t\t\t<section class=\"elementor-section elementor-top-section elementor-element elementor-element-aa0b2d8 elementor-section-boxed elementor-section-height-default elementor-section-height-default\" data-id=\"aa0b2d8\" data-element_type=\"section\" data-e-type=\"section\">\n\t\t\t\t\t\t<div class=\"elementor-container elementor-column-gap-default\">\n\t\t\t\t\t<div class=\"elementor-column elementor-col-100 elementor-top-column elementor-element elementor-element-7b9f875\" data-id=\"7b9f875\" data-element_type=\"column\" data-e-type=\"column\">\n\t\t\t<div class=\"elementor-widget-wrap elementor-element-populated\">\n\t\t\t\t\t\t<div class=\"elementor-element elementor-element-71b9429 elementor-widget elementor-widget-image\" data-id=\"71b9429\" data-element_type=\"widget\" data-e-type=\"widget\" data-widget_type=\"image.default\">\n\t\t\t\t<div class=\"elementor-widget-container\">\n\t\t\t\t\t\t\t\t\t\t\t\t\t\t\t<img loading=\"lazy\" decoding=\"async\" width=\"768\" height=\"77\" src=\"https:\/\/www.coopsuramerica.com.co\/web\/wp-content\/uploads\/2024\/03\/vigilados-768x77.png\" class=\"attachment-medium_large size-medium_large wp-image-7498\" alt=\"\" srcset=\"https:\/\/www.coopsuramerica.com.co\/web\/wp-content\/uploads\/2024\/03\/vigilados-768x77.png 768w, https:\/\/www.coopsuramerica.com.co\/web\/wp-content\/uploads\/2024\/03\/vigilados-300x30.png 300w, https:\/\/www.coopsuramerica.com.co\/web\/wp-content\/uploads\/2024\/03\/vigilados.png 1000w\" sizes=\"(max-width: 768px) 100vw, 768px\" \/>\t\t\t\t\t\t\t\t\t\t\t\t\t\t\t<\/div>\n\t\t\t\t<\/div>\n\t\t\t\t\t<\/div>\n\t\t<\/div>\n\t\t\t\t\t<\/div>\n\t\t<\/section>\n\t\t\t\t<\/div>\n\t\t","protected":false},"excerpt":{"rendered":"<p>Invierte en tu futuro! Cuenta de AHORRO A LA VISTA \u00a0 \u00a1Ahorra hoy para un mejor ma\u00f1ana con nuestra Cuenta de Ahorros a la vista Coopsuramerica! \u00bfQuieres hacer crecer tu dinero de manera segura y efectiva? Nuestra Cuenta de Ahorros es la opci\u00f3n ideal para ti. Con ella, tendr\u00e1s: Acceso f\u00e1cil y r\u00e1pido: Consulta tu <a class=\"read-more\" href=\"https:\/\/www.coopsuramerica.com.co\/web\/ahorro-a-la-vista\/\">LEER M\u00c1S<\/a><\/p>\n","protected":false},"author":1,"featured_media":0,"parent":0,"menu_order":0,"comment_status":"closed","ping_status":"closed","template":"","meta":{"_monsterinsights_skip_tracking":false,"_monsterinsights_sitenote_active":false,"_monsterinsights_sitenote_note":"","_monsterinsights_sitenote_category":0,"footnotes":""},"class_list":["post-255","page","type-page","status-publish","hentry"],"_links":{"self":[{"href":"https:\/\/www.coopsuramerica.com.co\/web\/wp-json\/wp\/v2\/pages\/255","targetHints":{"allow":["GET"]}}],"collection":[{"href":"https:\/\/www.coopsuramerica.com.co\/web\/wp-json\/wp\/v2\/pages"}],"about":[{"href":"https:\/\/www.coopsuramerica.com.co\/web\/wp-json\/wp\/v2\/types\/page"}],"author":[{"embeddable":true,"href":"https:\/\/www.coopsuramerica.com.co\/web\/wp-json\/wp\/v2\/users\/1"}],"replies":[{"embeddable":true,"href":"https:\/\/www.coopsuramerica.com.co\/web\/wp-json\/wp\/v2\/comments?post=255"}],"version-history":[{"count":0,"href":"https:\/\/www.coopsuramerica.com.co\/web\/wp-json\/wp\/v2\/pages\/255\/revisions"}],"wp:attachment":[{"href":"https:\/\/www.coopsuramerica.com.co\/web\/wp-json\/wp\/v2\/media?parent=255"}],"curies":[{"name":"wp","href":"https:\/\/api.w.org\/{rel}","templated":true}]}}