{"id":267,"date":"2017-08-30T00:58:19","date_gmt":"2017-08-30T00:58:19","guid":{"rendered":"http:\/\/www.coopsuramerica.com.co\/web\/?page_id=267"},"modified":"2020-09-22T19:12:07","modified_gmt":"2020-09-22T19:12:07","slug":"seguros-de-vida","status":"publish","type":"page","link":"https:\/\/www.coopsuramerica.com.co\/web\/seguros-de-vida\/","title":{"rendered":"Seguro de vida"},"content":{"rendered":"<p>[vc_row][vc_column][vc_column_text]<\/p>\n<p class=\"Estilo3\">En caso de fallecimiento del asociado el saldo de la deuda queda cubierta con las siguientes coberturas:<\/p>\n<ul>\n<li class=\"Estilo3\">Edad m\u00e1xima de ingreso 70 a\u00f1os con permanencia hasta la extinci\u00f3n de la deuda.<\/li>\n<li class=\"Estilo3\">Amparo autom\u00e1tico hasta por\u00a0250 SMMLV ($147.375.000)<\/li>\n<li class=\"Estilo3\">El costo del seguro se descuenta del cr\u00e9dito al momento del desembolso. Su valor es m\u00ednimo.<\/li>\n<li class=\"Estilo3\">Cubre los ahorros y Aportes sociales hasta 250 SMMLV ($147.375.000)<\/li>\n<li class=\"Estilo3\">Edad M\u00e1xima de ingreso 70 a\u00f1os.<\/li>\n<li class=\"Estilo3\">Cubrimiento hasta los 85 a\u00f1os<\/li>\n<li class=\"Estilo3\">El costo del seguro lo asume la Cooperativa<\/li>\n<\/ul>\n<p>&nbsp;[\/vc_column_text][\/vc_column][\/vc_row]<\/p>\n","protected":false},"excerpt":{"rendered":"<p>[vc_row][vc_column][vc_column_text] En caso de fallecimiento del asociado el saldo de la deuda queda cubierta con las siguientes coberturas: Edad m\u00e1xima de ingreso 70 a\u00f1os con permanencia hasta la extinci\u00f3n de la deuda. Amparo autom\u00e1tico hasta por\u00a0250 SMMLV ($147.375.000) El costo del seguro se descuenta del cr\u00e9dito al momento del desembolso. Su valor es m\u00ednimo. Cubre <a class=\"read-more\" href=\"https:\/\/www.coopsuramerica.com.co\/web\/seguros-de-vida\/\">LEER M\u00c1S<\/a><\/p>\n","protected":false},"author":1,"featured_media":0,"parent":0,"menu_order":0,"comment_status":"closed","ping_status":"closed","template":"","meta":{"_monsterinsights_skip_tracking":false,"_monsterinsights_sitenote_active":false,"_monsterinsights_sitenote_note":"","_monsterinsights_sitenote_category":0,"footnotes":""},"class_list":["post-267","page","type-page","status-publish","hentry"],"_links":{"self":[{"href":"https:\/\/www.coopsuramerica.com.co\/web\/wp-json\/wp\/v2\/pages\/267","targetHints":{"allow":["GET"]}}],"collection":[{"href":"https:\/\/www.coopsuramerica.com.co\/web\/wp-json\/wp\/v2\/pages"}],"about":[{"href":"https:\/\/www.coopsuramerica.com.co\/web\/wp-json\/wp\/v2\/types\/page"}],"author":[{"embeddable":true,"href":"https:\/\/www.coopsuramerica.com.co\/web\/wp-json\/wp\/v2\/users\/1"}],"replies":[{"embeddable":true,"href":"https:\/\/www.coopsuramerica.com.co\/web\/wp-json\/wp\/v2\/comments?post=267"}],"version-history":[{"count":0,"href":"https:\/\/www.coopsuramerica.com.co\/web\/wp-json\/wp\/v2\/pages\/267\/revisions"}],"wp:attachment":[{"href":"https:\/\/www.coopsuramerica.com.co\/web\/wp-json\/wp\/v2\/media?parent=267"}],"curies":[{"name":"wp","href":"https:\/\/api.w.org\/{rel}","templated":true}]}}