{"id":3162,"date":"2020-11-27T20:45:24","date_gmt":"2020-11-27T20:45:24","guid":{"rendered":"https:\/\/www.coopsuramerica.com.co\/web\/?page_id=3162"},"modified":"2026-01-08T22:14:23","modified_gmt":"2026-01-08T22:14:23","slug":"faq","status":"publish","type":"page","link":"https:\/\/www.coopsuramerica.com.co\/web\/faq\/","title":{"rendered":"Faq"},"content":{"rendered":"\t\t<div data-elementor-type=\"wp-page\" data-elementor-id=\"3162\" class=\"elementor elementor-3162\">\n\t\t\t\t\t\t<section class=\"elementor-section elementor-top-section elementor-element elementor-element-27ab8b8 elementor-section-boxed elementor-section-height-default elementor-section-height-default\" data-id=\"27ab8b8\" data-element_type=\"section\" data-e-type=\"section\">\n\t\t\t\t\t\t<div class=\"elementor-container elementor-column-gap-default\">\n\t\t\t\t\t<div class=\"elementor-column elementor-col-100 elementor-top-column elementor-element elementor-element-41922ee\" data-id=\"41922ee\" data-element_type=\"column\" data-e-type=\"column\">\n\t\t\t<div class=\"elementor-widget-wrap elementor-element-populated\">\n\t\t\t\t\t\t<div class=\"elementor-element elementor-element-2e9a08c elementor-widget elementor-widget-heading\" data-id=\"2e9a08c\" data-element_type=\"widget\" data-e-type=\"widget\" data-widget_type=\"heading.default\">\n\t\t\t\t<div class=\"elementor-widget-container\">\n\t\t\t\t\t<h2 class=\"elementor-heading-title elementor-size-default\">PREGUNTAS FRECUENTES<\/h2>\t\t\t\t<\/div>\n\t\t\t\t<\/div>\n\t\t\t\t<div class=\"elementor-element elementor-element-3f7aacb elementor-widget-divider--view-line elementor-widget elementor-widget-divider\" data-id=\"3f7aacb\" data-element_type=\"widget\" data-e-type=\"widget\" data-widget_type=\"divider.default\">\n\t\t\t\t<div class=\"elementor-widget-container\">\n\t\t\t\t\t\t\t<div class=\"elementor-divider\">\n\t\t\t<span class=\"elementor-divider-separator\">\n\t\t\t\t\t\t<\/span>\n\t\t<\/div>\n\t\t\t\t\t\t<\/div>\n\t\t\t\t<\/div>\n\t\t\t\t\t<\/div>\n\t\t<\/div>\n\t\t\t\t\t<\/div>\n\t\t<\/section>\n\t\t\t\t<section class=\"elementor-section elementor-top-section elementor-element elementor-element-0321765 elementor-section-boxed elementor-section-height-default elementor-section-height-default\" data-id=\"0321765\" data-element_type=\"section\" data-e-type=\"section\">\n\t\t\t\t\t\t<div class=\"elementor-container elementor-column-gap-default\">\n\t\t\t\t\t<div class=\"elementor-column elementor-col-50 elementor-top-column elementor-element elementor-element-f4e4abb\" data-id=\"f4e4abb\" data-element_type=\"column\" data-e-type=\"column\">\n\t\t\t<div class=\"elementor-widget-wrap elementor-element-populated\">\n\t\t\t\t\t\t<div class=\"elementor-element elementor-element-20e1015 elementor-widget elementor-widget-image\" data-id=\"20e1015\" data-element_type=\"widget\" data-e-type=\"widget\" data-widget_type=\"image.default\">\n\t\t\t\t<div class=\"elementor-widget-container\">\n\t\t\t\t\t\t\t\t\t\t\t\t\t\t\t<img fetchpriority=\"high\" decoding=\"async\" width=\"410\" height=\"1024\" src=\"https:\/\/www.coopsuramerica.com.co\/web\/wp-content\/uploads\/2020\/11\/PREGUNTA-410x1024.jpg\" class=\"attachment-large size-large wp-image-3164\" alt=\"\" srcset=\"https:\/\/www.coopsuramerica.com.co\/web\/wp-content\/uploads\/2020\/11\/PREGUNTA-410x1024.jpg 410w, https:\/\/www.coopsuramerica.com.co\/web\/wp-content\/uploads\/2020\/11\/PREGUNTA-120x300.jpg 120w, https:\/\/www.coopsuramerica.com.co\/web\/wp-content\/uploads\/2020\/11\/PREGUNTA.jpg 600w\" sizes=\"(max-width: 410px) 100vw, 410px\" \/>\t\t\t\t\t\t\t\t\t\t\t\t\t\t\t<\/div>\n\t\t\t\t<\/div>\n\t\t\t\t\t<\/div>\n\t\t<\/div>\n\t\t\t\t<div class=\"elementor-column elementor-col-50 elementor-top-column elementor-element elementor-element-1399adc\" data-id=\"1399adc\" data-element_type=\"column\" data-e-type=\"column\">\n\t\t\t<div class=\"elementor-widget-wrap elementor-element-populated\">\n\t\t\t\t\t\t<div class=\"elementor-element elementor-element-1030959 elementor-widget elementor-widget-accordion\" data-id=\"1030959\" data-element_type=\"widget\" data-e-type=\"widget\" data-widget_type=\"accordion.default\">\n\t\t\t\t<div class=\"elementor-widget-container\">\n\t\t\t\t\t\t\t<div class=\"elementor-accordion\">\n\t\t\t\t\t\t\t<div class=\"elementor-accordion-item\">\n\t\t\t\t\t<div id=\"elementor-tab-title-1691\" class=\"elementor-tab-title\" data-tab=\"1\" role=\"button\" aria-controls=\"elementor-tab-content-1691\" aria-expanded=\"false\">\n\t\t\t\t\t\t\t\t\t\t\t\t\t<span class=\"elementor-accordion-icon elementor-accordion-icon-left\" aria-hidden=\"true\">\n\t\t\t\t\t\t\t\t\t\t\t\t\t\t\t<span class=\"elementor-accordion-icon-closed\"><svg class=\"e-font-icon-svg e-fas-plus\" viewBox=\"0 0 448 512\" xmlns=\"http:\/\/www.w3.org\/2000\/svg\"><path d=\"M416 208H272V64c0-17.67-14.33-32-32-32h-32c-17.67 0-32 14.33-32 32v144H32c-17.67 0-32 14.33-32 32v32c0 17.67 14.33 32 32 32h144v144c0 17.67 14.33 32 32 32h32c17.67 0 32-14.33 32-32V304h144c17.67 0 32-14.33 32-32v-32c0-17.67-14.33-32-32-32z\"><\/path><\/svg><\/span>\n\t\t\t\t\t\t\t\t<span class=\"elementor-accordion-icon-opened\"><svg class=\"e-font-icon-svg e-fas-minus\" viewBox=\"0 0 448 512\" xmlns=\"http:\/\/www.w3.org\/2000\/svg\"><path d=\"M416 208H32c-17.67 0-32 14.33-32 32v32c0 17.67 14.33 32 32 32h384c17.67 0 32-14.33 32-32v-32c0-17.67-14.33-32-32-32z\"><\/path><\/svg><\/span>\n\t\t\t\t\t\t\t\t\t\t\t\t\t\t<\/span>\n\t\t\t\t\t\t\t\t\t\t\t\t<a class=\"elementor-accordion-title\" tabindex=\"0\">\u00bfQUIERO SER ASOCIADO, COMO ME AFILIO?<\/a>\n\t\t\t\t\t<\/div>\n\t\t\t\t\t<div id=\"elementor-tab-content-1691\" class=\"elementor-tab-content elementor-clearfix\" data-tab=\"1\" role=\"region\" aria-labelledby=\"elementor-tab-title-1691\"><p>Para afiliarte a la Cooperativa debes diligenciar el formulario de afiliaci\u00f3n, adjuntar la documentaci\u00f3n y comprometerse a cancelar los aportes sociales, m\u00e1s informaci\u00f3n\u00a0<a href=\"https:\/\/www.coopsuramerica.com.co\/web\/index.php\/quienes-somos\/como-afiliarse\/\">aqu\u00ed<\/a><\/p><\/div>\n\t\t\t\t<\/div>\n\t\t\t\t\t\t\t<div class=\"elementor-accordion-item\">\n\t\t\t\t\t<div id=\"elementor-tab-title-1692\" class=\"elementor-tab-title\" data-tab=\"2\" role=\"button\" aria-controls=\"elementor-tab-content-1692\" aria-expanded=\"false\">\n\t\t\t\t\t\t\t\t\t\t\t\t\t<span class=\"elementor-accordion-icon elementor-accordion-icon-left\" aria-hidden=\"true\">\n\t\t\t\t\t\t\t\t\t\t\t\t\t\t\t<span class=\"elementor-accordion-icon-closed\"><svg class=\"e-font-icon-svg e-fas-plus\" viewBox=\"0 0 448 512\" xmlns=\"http:\/\/www.w3.org\/2000\/svg\"><path d=\"M416 208H272V64c0-17.67-14.33-32-32-32h-32c-17.67 0-32 14.33-32 32v144H32c-17.67 0-32 14.33-32 32v32c0 17.67 14.33 32 32 32h144v144c0 17.67 14.33 32 32 32h32c17.67 0 32-14.33 32-32V304h144c17.67 0 32-14.33 32-32v-32c0-17.67-14.33-32-32-32z\"><\/path><\/svg><\/span>\n\t\t\t\t\t\t\t\t<span class=\"elementor-accordion-icon-opened\"><svg class=\"e-font-icon-svg e-fas-minus\" viewBox=\"0 0 448 512\" xmlns=\"http:\/\/www.w3.org\/2000\/svg\"><path d=\"M416 208H32c-17.67 0-32 14.33-32 32v32c0 17.67 14.33 32 32 32h384c17.67 0 32-14.33 32-32v-32c0-17.67-14.33-32-32-32z\"><\/path><\/svg><\/span>\n\t\t\t\t\t\t\t\t\t\t\t\t\t\t<\/span>\n\t\t\t\t\t\t\t\t\t\t\t\t<a class=\"elementor-accordion-title\" tabindex=\"0\">\u00bfNecesito un pr\u00e9stamo, como lo puedo solicitar?<\/a>\n\t\t\t\t\t<\/div>\n\t\t\t\t\t<div id=\"elementor-tab-content-1692\" class=\"elementor-tab-content elementor-clearfix\" data-tab=\"2\" role=\"region\" aria-labelledby=\"elementor-tab-title-1692\"><p>Para solicitar un cr\u00e9dito debes ser asociado(a) activo(a) de la Cooperativa, diligenciar el formulario de solicitud de cr\u00e9dito con firmas y huellas y presentar la documentaci\u00f3n, m\u00e1s informaci\u00f3n\u00a0<a href=\"https:\/\/www.coopsuramerica.com.co\/web\/index.php\/solicitud\/\">aqu\u00ed<\/a><\/p><\/div>\n\t\t\t\t<\/div>\n\t\t\t\t\t\t\t<div class=\"elementor-accordion-item\">\n\t\t\t\t\t<div id=\"elementor-tab-title-1693\" class=\"elementor-tab-title\" data-tab=\"3\" role=\"button\" aria-controls=\"elementor-tab-content-1693\" aria-expanded=\"false\">\n\t\t\t\t\t\t\t\t\t\t\t\t\t<span class=\"elementor-accordion-icon elementor-accordion-icon-left\" aria-hidden=\"true\">\n\t\t\t\t\t\t\t\t\t\t\t\t\t\t\t<span class=\"elementor-accordion-icon-closed\"><svg class=\"e-font-icon-svg e-fas-plus\" viewBox=\"0 0 448 512\" xmlns=\"http:\/\/www.w3.org\/2000\/svg\"><path d=\"M416 208H272V64c0-17.67-14.33-32-32-32h-32c-17.67 0-32 14.33-32 32v144H32c-17.67 0-32 14.33-32 32v32c0 17.67 14.33 32 32 32h144v144c0 17.67 14.33 32 32 32h32c17.67 0 32-14.33 32-32V304h144c17.67 0 32-14.33 32-32v-32c0-17.67-14.33-32-32-32z\"><\/path><\/svg><\/span>\n\t\t\t\t\t\t\t\t<span class=\"elementor-accordion-icon-opened\"><svg class=\"e-font-icon-svg e-fas-minus\" viewBox=\"0 0 448 512\" xmlns=\"http:\/\/www.w3.org\/2000\/svg\"><path d=\"M416 208H32c-17.67 0-32 14.33-32 32v32c0 17.67 14.33 32 32 32h384c17.67 0 32-14.33 32-32v-32c0-17.67-14.33-32-32-32z\"><\/path><\/svg><\/span>\n\t\t\t\t\t\t\t\t\t\t\t\t\t\t<\/span>\n\t\t\t\t\t\t\t\t\t\t\t\t<a class=\"elementor-accordion-title\" tabindex=\"0\">\u00bfNecesito hacer el tr\u00e1mite de levantamiento de prenda y cancelaci\u00f3n de hipoteca, que debo hacer?<\/a>\n\t\t\t\t\t<\/div>\n\t\t\t\t\t<div id=\"elementor-tab-content-1693\" class=\"elementor-tab-content elementor-clearfix\" data-tab=\"3\" role=\"region\" aria-labelledby=\"elementor-tab-title-1693\"><p>Para este tr\u00e1mite debes hacer la consignaci\u00f3n del valor del documento y enviar la solicitud junto a la copia de la consignaci\u00f3n al correo info@coopsuramerica.com<\/p><p>El valor a pagar es el siguiente:<\/p><ul><li>Cancelaci\u00f3n de prenda: $19.000<\/li><li>Cancelaci\u00f3n de hipoteca: $35.000<\/li><\/ul><p>Puedes hacer el pago a cualquiera de nuestras cuentas:<\/p><table width=\"463\"><tbody><tr><td width=\"156\">BANCO<\/td><td width=\"156\">CUENTA<\/td><\/tr><tr><td width=\"156\">BANCOLOMBIA<\/td><td width=\"156\">03023098797<\/td><\/tr><tr><td width=\"156\">BANCO DE BOGOTA<\/td><td width=\"156\">035487420<\/td><\/tr><tr><td width=\"156\">GNB<\/td><td width=\"156\">01165257<\/td><\/tr><\/tbody><\/table><\/div>\n\t\t\t\t<\/div>\n\t\t\t\t\t\t\t<div class=\"elementor-accordion-item\">\n\t\t\t\t\t<div id=\"elementor-tab-title-1694\" class=\"elementor-tab-title\" data-tab=\"4\" role=\"button\" aria-controls=\"elementor-tab-content-1694\" aria-expanded=\"false\">\n\t\t\t\t\t\t\t\t\t\t\t\t\t<span class=\"elementor-accordion-icon elementor-accordion-icon-left\" aria-hidden=\"true\">\n\t\t\t\t\t\t\t\t\t\t\t\t\t\t\t<span class=\"elementor-accordion-icon-closed\"><svg class=\"e-font-icon-svg e-fas-plus\" viewBox=\"0 0 448 512\" xmlns=\"http:\/\/www.w3.org\/2000\/svg\"><path d=\"M416 208H272V64c0-17.67-14.33-32-32-32h-32c-17.67 0-32 14.33-32 32v144H32c-17.67 0-32 14.33-32 32v32c0 17.67 14.33 32 32 32h144v144c0 17.67 14.33 32 32 32h32c17.67 0 32-14.33 32-32V304h144c17.67 0 32-14.33 32-32v-32c0-17.67-14.33-32-32-32z\"><\/path><\/svg><\/span>\n\t\t\t\t\t\t\t\t<span class=\"elementor-accordion-icon-opened\"><svg class=\"e-font-icon-svg e-fas-minus\" viewBox=\"0 0 448 512\" xmlns=\"http:\/\/www.w3.org\/2000\/svg\"><path d=\"M416 208H32c-17.67 0-32 14.33-32 32v32c0 17.67 14.33 32 32 32h384c17.67 0 32-14.33 32-32v-32c0-17.67-14.33-32-32-32z\"><\/path><\/svg><\/span>\n\t\t\t\t\t\t\t\t\t\t\t\t\t\t<\/span>\n\t\t\t\t\t\t\t\t\t\t\t\t<a class=\"elementor-accordion-title\" tabindex=\"0\">\u00bfNecesito un paz y salvo, una certificaci\u00f3n o una referencia escrita que debo hacer?<\/a>\n\t\t\t\t\t<\/div>\n\t\t\t\t\t<div id=\"elementor-tab-content-1694\" class=\"elementor-tab-content elementor-clearfix\" data-tab=\"4\" role=\"region\" aria-labelledby=\"elementor-tab-title-1694\"><p>Para este tr\u00e1mite debes hacer la consignaci\u00f3n del valor del documento y enviar la solicitud junto a la copia de la consignaci\u00f3n al correo info@coopsuramerica.com<\/p><p>El valor a pagar es: $15.000<\/p><p>Puedes hacer el pago a cualquiera de nuestras cuentas:<\/p><table width=\"463\"><tbody><tr><td width=\"156\">BANCO<\/td><td width=\"156\">CUENTA<\/td><\/tr><tr><td width=\"156\">BANCOLOMBIA<\/td><td width=\"156\">03023098797<\/td><\/tr><tr><td width=\"156\">BANCO DE BOGOTA<\/td><td width=\"156\">035487420<\/td><\/tr><tr><td width=\"156\">GNB<\/td><td width=\"156\">01165257<\/td><\/tr><\/tbody><\/table><\/div>\n\t\t\t\t<\/div>\n\t\t\t\t\t\t\t<div class=\"elementor-accordion-item\">\n\t\t\t\t\t<div id=\"elementor-tab-title-1695\" class=\"elementor-tab-title\" data-tab=\"5\" role=\"button\" aria-controls=\"elementor-tab-content-1695\" aria-expanded=\"false\">\n\t\t\t\t\t\t\t\t\t\t\t\t\t<span class=\"elementor-accordion-icon elementor-accordion-icon-left\" aria-hidden=\"true\">\n\t\t\t\t\t\t\t\t\t\t\t\t\t\t\t<span class=\"elementor-accordion-icon-closed\"><svg class=\"e-font-icon-svg e-fas-plus\" viewBox=\"0 0 448 512\" xmlns=\"http:\/\/www.w3.org\/2000\/svg\"><path d=\"M416 208H272V64c0-17.67-14.33-32-32-32h-32c-17.67 0-32 14.33-32 32v144H32c-17.67 0-32 14.33-32 32v32c0 17.67 14.33 32 32 32h144v144c0 17.67 14.33 32 32 32h32c17.67 0 32-14.33 32-32V304h144c17.67 0 32-14.33 32-32v-32c0-17.67-14.33-32-32-32z\"><\/path><\/svg><\/span>\n\t\t\t\t\t\t\t\t<span class=\"elementor-accordion-icon-opened\"><svg class=\"e-font-icon-svg e-fas-minus\" viewBox=\"0 0 448 512\" xmlns=\"http:\/\/www.w3.org\/2000\/svg\"><path d=\"M416 208H32c-17.67 0-32 14.33-32 32v32c0 17.67 14.33 32 32 32h384c17.67 0 32-14.33 32-32v-32c0-17.67-14.33-32-32-32z\"><\/path><\/svg><\/span>\n\t\t\t\t\t\t\t\t\t\t\t\t\t\t<\/span>\n\t\t\t\t\t\t\t\t\t\t\t\t<a class=\"elementor-accordion-title\" tabindex=\"0\">\u00bfComo descargo mi certificado de ingresos y retenciones?<\/a>\n\t\t\t\t\t<\/div>\n\t\t\t\t\t<div id=\"elementor-tab-content-1695\" class=\"elementor-tab-content elementor-clearfix\" data-tab=\"5\" role=\"region\" aria-labelledby=\"elementor-tab-title-1695\"><p>Si eres asociado(a) activo(a) de la Cooperativa, el certificado lo puedes <strong><u>descarga<\/u><\/strong><u>r<\/u> ingresando a tu <u><b>estado de cuenta en l\u00ednea en nuestro portal web con tu usuario y clave asignados.<\/b><\/u><\/p><p>click <a href=\"https:\/\/servicios3.selsacloud.com\/linix\/v6\/860006756\/loginAsociado.php?nit=860006756\">aqu\u00ed<\/a> para ingresar.\u00a0<\/p><p>El documento para descarga se encuentra en la pesta\u00f1a \u201c<strong><u>Certificaciones y descargas<\/u><\/strong>\u201d en el men\u00fa del estado de cuenta.\u00a0<\/p><p>Si no cuentas con clave o ya no estas asociado a la Cooperativa puedes hacer tu solicitud al correo info@coopsuramerica.com<\/p><\/div>\n\t\t\t\t<\/div>\n\t\t\t\t\t\t\t<div class=\"elementor-accordion-item\">\n\t\t\t\t\t<div id=\"elementor-tab-title-1696\" class=\"elementor-tab-title\" data-tab=\"6\" role=\"button\" aria-controls=\"elementor-tab-content-1696\" aria-expanded=\"false\">\n\t\t\t\t\t\t\t\t\t\t\t\t\t<span class=\"elementor-accordion-icon elementor-accordion-icon-left\" aria-hidden=\"true\">\n\t\t\t\t\t\t\t\t\t\t\t\t\t\t\t<span class=\"elementor-accordion-icon-closed\"><svg class=\"e-font-icon-svg e-fas-plus\" viewBox=\"0 0 448 512\" xmlns=\"http:\/\/www.w3.org\/2000\/svg\"><path d=\"M416 208H272V64c0-17.67-14.33-32-32-32h-32c-17.67 0-32 14.33-32 32v144H32c-17.67 0-32 14.33-32 32v32c0 17.67 14.33 32 32 32h144v144c0 17.67 14.33 32 32 32h32c17.67 0 32-14.33 32-32V304h144c17.67 0 32-14.33 32-32v-32c0-17.67-14.33-32-32-32z\"><\/path><\/svg><\/span>\n\t\t\t\t\t\t\t\t<span class=\"elementor-accordion-icon-opened\"><svg class=\"e-font-icon-svg e-fas-minus\" viewBox=\"0 0 448 512\" xmlns=\"http:\/\/www.w3.org\/2000\/svg\"><path d=\"M416 208H32c-17.67 0-32 14.33-32 32v32c0 17.67 14.33 32 32 32h384c17.67 0 32-14.33 32-32v-32c0-17.67-14.33-32-32-32z\"><\/path><\/svg><\/span>\n\t\t\t\t\t\t\t\t\t\t\t\t\t\t<\/span>\n\t\t\t\t\t\t\t\t\t\t\t\t<a class=\"elementor-accordion-title\" tabindex=\"0\">\u00bfComo solicito mi tarjeta?<\/a>\n\t\t\t\t\t<\/div>\n\t\t\t\t\t<div id=\"elementor-tab-content-1696\" class=\"elementor-tab-content elementor-clearfix\" data-tab=\"6\" role=\"region\" aria-labelledby=\"elementor-tab-title-1696\"><p>Puedes solicitar tu tarjeta v\u00eda correo electr\u00f3nico a info@coopsuramerica.com indic\u00e1ndonos si la requieres solamente para el manejo de tu cuenta de ahorros o si tambi\u00e9n deseas pedir que se te apruebe un cupo de cr\u00e9dito.<\/p><p>En caso de requerir cupo de cr\u00e9dito debes adjuntar la siguiente documentaci\u00f3n:<\/p><ul><li>Copia documento de identidad<\/li><li>Copia de los \u00faltimos desprendibles de pago de nomina<\/li><li>Copia de Certificado Laboral<\/li><\/ul><p>Puedes usar tu tarjeta de\u00a0forma dual. es decir que puedes con ella manejar tu cuenta de ahorros a la vista con la opci\u00f3n d\u00e9bito y manejar tu cupo de cr\u00e9dito con la opci\u00f3n corriente.<\/p><p>Puedes adem\u00e1s hacer compras online o hacer pago en el bot\u00f3n de PSE en los comercios autorizados, haz click en el siguiente enlace para saber como utilizar tu tarjeta en compras no presenciales:\u00a0<a href=\"https:\/\/www.coopsuramerica.com.co\/web\/index.php\/pagos-online\/\">Como usar la tarjeta<\/a>?<\/p><\/div>\n\t\t\t\t<\/div>\n\t\t\t\t\t\t\t<div class=\"elementor-accordion-item\">\n\t\t\t\t\t<div id=\"elementor-tab-title-1697\" class=\"elementor-tab-title\" data-tab=\"7\" role=\"button\" aria-controls=\"elementor-tab-content-1697\" aria-expanded=\"false\">\n\t\t\t\t\t\t\t\t\t\t\t\t\t<span class=\"elementor-accordion-icon elementor-accordion-icon-left\" aria-hidden=\"true\">\n\t\t\t\t\t\t\t\t\t\t\t\t\t\t\t<span class=\"elementor-accordion-icon-closed\"><svg class=\"e-font-icon-svg e-fas-plus\" viewBox=\"0 0 448 512\" xmlns=\"http:\/\/www.w3.org\/2000\/svg\"><path d=\"M416 208H272V64c0-17.67-14.33-32-32-32h-32c-17.67 0-32 14.33-32 32v144H32c-17.67 0-32 14.33-32 32v32c0 17.67 14.33 32 32 32h144v144c0 17.67 14.33 32 32 32h32c17.67 0 32-14.33 32-32V304h144c17.67 0 32-14.33 32-32v-32c0-17.67-14.33-32-32-32z\"><\/path><\/svg><\/span>\n\t\t\t\t\t\t\t\t<span class=\"elementor-accordion-icon-opened\"><svg class=\"e-font-icon-svg e-fas-minus\" viewBox=\"0 0 448 512\" xmlns=\"http:\/\/www.w3.org\/2000\/svg\"><path d=\"M416 208H32c-17.67 0-32 14.33-32 32v32c0 17.67 14.33 32 32 32h384c17.67 0 32-14.33 32-32v-32c0-17.67-14.33-32-32-32z\"><\/path><\/svg><\/span>\n\t\t\t\t\t\t\t\t\t\t\t\t\t\t<\/span>\n\t\t\t\t\t\t\t\t\t\t\t\t<a class=\"elementor-accordion-title\" tabindex=\"0\">\u00bfExtravi\u00e9 mi tarjeta y quiero solicitar una nueva, que debo hacer?<\/a>\n\t\t\t\t\t<\/div>\n\t\t\t\t\t<div id=\"elementor-tab-content-1697\" class=\"elementor-tab-content elementor-clearfix\" data-tab=\"7\" role=\"region\" aria-labelledby=\"elementor-tab-title-1697\"><p>Debes hacer la consignaci\u00f3n del valor de la reposici\u00f3n del pl\u00e1stico y enviar la solicitud junto a la copia de la consignaci\u00f3n al correo info@coopsuramerica.com<\/p>\n<p>El valor a pagar es: $30.000<\/p>\n<p>Puedes hacer el pago a cualquiera de nuestras cuentas:<\/p>\n<table width=\"463\">\n<tbody>\n<tr>\n<td width=\"156\">BANCO<\/td>\n<td width=\"156\">CUENTA<\/td>\n<\/tr>\n<tr>\n<td width=\"156\">BANCOLOMBIA<\/td>\n<td width=\"156\">03023098797<\/td>\n<\/tr>\n<tr>\n<td width=\"156\">BANCO DE BOGOTA<\/td>\n<td width=\"156\">035487420<\/td>\n<\/tr>\n<tr>\n<td width=\"156\">GNB<\/td>\n<td width=\"156\">01165257<\/td>\n<\/tr>\n<tr>\n<td width=\"156\">&nbsp;<\/td>\n<td width=\"156\">&nbsp;<\/td>\n<\/tr>\n<\/tbody>\n<\/table><\/div>\n\t\t\t\t<\/div>\n\t\t\t\t\t\t\t<div class=\"elementor-accordion-item\">\n\t\t\t\t\t<div id=\"elementor-tab-title-1698\" class=\"elementor-tab-title\" data-tab=\"8\" role=\"button\" aria-controls=\"elementor-tab-content-1698\" aria-expanded=\"false\">\n\t\t\t\t\t\t\t\t\t\t\t\t\t<span class=\"elementor-accordion-icon elementor-accordion-icon-left\" aria-hidden=\"true\">\n\t\t\t\t\t\t\t\t\t\t\t\t\t\t\t<span class=\"elementor-accordion-icon-closed\"><svg class=\"e-font-icon-svg e-fas-plus\" viewBox=\"0 0 448 512\" xmlns=\"http:\/\/www.w3.org\/2000\/svg\"><path d=\"M416 208H272V64c0-17.67-14.33-32-32-32h-32c-17.67 0-32 14.33-32 32v144H32c-17.67 0-32 14.33-32 32v32c0 17.67 14.33 32 32 32h144v144c0 17.67 14.33 32 32 32h32c17.67 0 32-14.33 32-32V304h144c17.67 0 32-14.33 32-32v-32c0-17.67-14.33-32-32-32z\"><\/path><\/svg><\/span>\n\t\t\t\t\t\t\t\t<span class=\"elementor-accordion-icon-opened\"><svg class=\"e-font-icon-svg e-fas-minus\" viewBox=\"0 0 448 512\" xmlns=\"http:\/\/www.w3.org\/2000\/svg\"><path d=\"M416 208H32c-17.67 0-32 14.33-32 32v32c0 17.67 14.33 32 32 32h384c17.67 0 32-14.33 32-32v-32c0-17.67-14.33-32-32-32z\"><\/path><\/svg><\/span>\n\t\t\t\t\t\t\t\t\t\t\t\t\t\t<\/span>\n\t\t\t\t\t\t\t\t\t\t\t\t<a class=\"elementor-accordion-title\" tabindex=\"0\">\u00bfComo puedo hacer los pagos de mis obligaciones a la Cooperativa?<\/a>\n\t\t\t\t\t<\/div>\n\t\t\t\t\t<div id=\"elementor-tab-content-1698\" class=\"elementor-tab-content elementor-clearfix\" data-tab=\"8\" role=\"region\" aria-labelledby=\"elementor-tab-title-1698\"><p>Los pagos a la Cooperativa pueden hacerse con cualquiera de los siguientes medios:<\/p><ol><li>Pagos por corresponsal bancario\u00a0<strong>Bancolombia<\/strong>, C\u00f3digo de Convenio:\u00a0<strong>36827<\/strong><\/li><li>Pagos por\u00a0<strong>PSE<\/strong>\u00a0ingresando a nuestra p\u00e1gina web secci\u00f3n\u00a0estado de cuenta\u00a0con su usuario y contrase\u00f1a asignados, consulta\u00a0<a href=\"http:\/\/www.coopsuramerica.com.co\/web\/index.php\/pse\/\">aqu\u00ed<\/a>\u00a0como hacer tus pagos en el portal. Si aun no cuentas con clave la puedes solicitar v\u00eda correo electr\u00f3nico a info@coopsuramerica.com<\/li><li>Transferencia bancaria o consignaci\u00f3n a cualquiera de nuestras cuentas: Se debe enviar soporte de pago al correo electr\u00f3nico info@coopsuramerica.com<\/li><\/ol><table width=\"463\"><tbody><tr><td width=\"156\">BANCO<\/td><td width=\"156\">CUENTA<\/td><\/tr><tr><td width=\"156\">BANCOLOMBIA<\/td><td width=\"156\">03023098797<\/td><\/tr><tr><td width=\"156\">BANCO DE BOGOTA<\/td><td width=\"156\">035487420<\/td><\/tr><tr><td width=\"156\">GNB<\/td><td width=\"156\">01165257<\/td><\/tr><tr><td width=\"156\">\u00a0<\/td><td width=\"156\">\u00a0<\/td><\/tr><\/tbody><\/table><\/div>\n\t\t\t\t<\/div>\n\t\t\t\t\t\t\t\t<\/div>\n\t\t\t\t\t\t<\/div>\n\t\t\t\t<\/div>\n\t\t\t\t\t<\/div>\n\t\t<\/div>\n\t\t\t\t\t<\/div>\n\t\t<\/section>\n\t\t\t\t<section class=\"elementor-section elementor-top-section elementor-element elementor-element-d686770 elementor-section-boxed elementor-section-height-default elementor-section-height-default\" data-id=\"d686770\" data-element_type=\"section\" data-e-type=\"section\">\n\t\t\t\t\t\t<div class=\"elementor-container elementor-column-gap-default\">\n\t\t\t\t\t<div class=\"elementor-column elementor-col-100 elementor-top-column elementor-element elementor-element-b039262\" data-id=\"b039262\" data-element_type=\"column\" data-e-type=\"column\">\n\t\t\t<div class=\"elementor-widget-wrap\">\n\t\t\t\t\t\t\t<\/div>\n\t\t<\/div>\n\t\t\t\t\t<\/div>\n\t\t<\/section>\n\t\t\t\t<\/div>\n\t\t","protected":false},"excerpt":{"rendered":"<p>PREGUNTAS FRECUENTES \u00bfQUIERO SER ASOCIADO, COMO ME AFILIO? Para afiliarte a la Cooperativa debes diligenciar el formulario de afiliaci\u00f3n, adjuntar la documentaci\u00f3n y comprometerse a cancelar los aportes sociales, m\u00e1s informaci\u00f3n\u00a0aqu\u00ed \u00bfNecesito un pr\u00e9stamo, como lo puedo solicitar? Para solicitar un cr\u00e9dito debes ser asociado(a) activo(a) de la Cooperativa, diligenciar el formulario de solicitud de <a class=\"read-more\" href=\"https:\/\/www.coopsuramerica.com.co\/web\/faq\/\">LEER M\u00c1S<\/a><\/p>\n","protected":false},"author":2,"featured_media":0,"parent":0,"menu_order":0,"comment_status":"closed","ping_status":"closed","template":"","meta":{"_monsterinsights_skip_tracking":false,"_monsterinsights_sitenote_active":false,"_monsterinsights_sitenote_note":"","_monsterinsights_sitenote_category":0,"footnotes":""},"class_list":["post-3162","page","type-page","status-publish","hentry"],"_links":{"self":[{"href":"https:\/\/www.coopsuramerica.com.co\/web\/wp-json\/wp\/v2\/pages\/3162","targetHints":{"allow":["GET"]}}],"collection":[{"href":"https:\/\/www.coopsuramerica.com.co\/web\/wp-json\/wp\/v2\/pages"}],"about":[{"href":"https:\/\/www.coopsuramerica.com.co\/web\/wp-json\/wp\/v2\/types\/page"}],"author":[{"embeddable":true,"href":"https:\/\/www.coopsuramerica.com.co\/web\/wp-json\/wp\/v2\/users\/2"}],"replies":[{"embeddable":true,"href":"https:\/\/www.coopsuramerica.com.co\/web\/wp-json\/wp\/v2\/comments?post=3162"}],"version-history":[{"count":9,"href":"https:\/\/www.coopsuramerica.com.co\/web\/wp-json\/wp\/v2\/pages\/3162\/revisions"}],"predecessor-version":[{"id":9000,"href":"https:\/\/www.coopsuramerica.com.co\/web\/wp-json\/wp\/v2\/pages\/3162\/revisions\/9000"}],"wp:attachment":[{"href":"https:\/\/www.coopsuramerica.com.co\/web\/wp-json\/wp\/v2\/media?parent=3162"}],"curies":[{"name":"wp","href":"https:\/\/api.w.org\/{rel}","templated":true}]}}