{"id":6414,"date":"2022-11-01T14:09:41","date_gmt":"2022-11-01T14:09:41","guid":{"rendered":"https:\/\/www.coopsuramerica.com.co\/web\/?page_id=6414"},"modified":"2024-03-05T21:08:15","modified_gmt":"2024-03-05T21:08:15","slug":"eventos","status":"publish","type":"page","link":"https:\/\/www.coopsuramerica.com.co\/web\/eventos\/","title":{"rendered":"Eventos comit\u00e9 de eduaci\u00f3n"},"content":{"rendered":"\t\t<div data-elementor-type=\"wp-page\" data-elementor-id=\"6414\" class=\"elementor elementor-6414\">\n\t\t\t\t<div class=\"elementor-element elementor-element-a4167bc e-flex e-con-boxed e-con e-parent\" data-id=\"a4167bc\" data-element_type=\"container\" data-e-type=\"container\">\n\t\t\t\t\t<div class=\"e-con-inner\">\n\t\t\t\t<div class=\"elementor-element elementor-element-0bde0bb elementor-invisible elementor-widget elementor-widget-elementskit-heading\" data-id=\"0bde0bb\" data-element_type=\"widget\" data-e-type=\"widget\" data-settings=\"{&quot;_animation&quot;:&quot;fadeInLeft&quot;}\" data-widget_type=\"elementskit-heading.default\">\n\t\t\t\t<div class=\"elementor-widget-container\">\n\t\t\t\t\t<div class=\"ekit-wid-con\" ><div class=\"ekit-heading elementskit-section-title-wraper text_center   ekit_heading_tablet-   ekit_heading_mobile-\">\t\t\t\t<span class='ekit-heading__shadow-text'>\n\t\t\t\t\tEducaci\u00f3n\t\t\t\t<\/span>\n\t\t\t<h2 class=\"ekit-heading--title elementskit-section-title  ekit-heading__title-has-border start\">Actividades <span><span>Comit\u00e9 de educaci\u00f3n y fondo social para bienestar comunitario<\/span><\/span><\/h2><div class=\"ekit_heading_separetor_wraper ekit_heading_elementskit-border-divider ekit-dotted\"><div class=\"elementskit-border-divider ekit-dotted\"><\/div><\/div><\/div><\/div>\t\t\t\t<\/div>\n\t\t\t\t<\/div>\n\t\t\t\t\t<\/div>\n\t\t\t\t<\/div>\n\t\t<div class=\"elementor-element elementor-element-8a3e948 e-flex e-con-boxed e-con e-parent\" data-id=\"8a3e948\" data-element_type=\"container\" data-e-type=\"container\">\n\t\t\t\t\t<div class=\"e-con-inner\">\n\t\t<div class=\"elementor-element elementor-element-a86e725 e-con-full e-flex e-con e-child\" data-id=\"a86e725\" data-element_type=\"container\" data-e-type=\"container\">\n\t\t\t\t<\/div>\n\t\t<div class=\"elementor-element elementor-element-bc632d3 e-con-full e-flex e-con e-child\" data-id=\"bc632d3\" data-element_type=\"container\" data-e-type=\"container\">\n\t\t\t\t<div class=\"elementor-element elementor-element-9e02d13 elementor-widget elementor-widget-elementskit-lottie\" data-id=\"9e02d13\" data-element_type=\"widget\" data-e-type=\"widget\" data-widget_type=\"elementskit-lottie.default\">\n\t\t\t\t<div class=\"elementor-widget-container\">\n\t\t\t\t\t<div class=\"ekit-wid-con\" ><div id=\"ekit_lottie_9e02d13\" class=\"ekit_lottie\" data-autoplay=\"true\" data-on-scroll=\"\" data-speed=\"1\" data-direction=\"\" data-action=\"\" data-renderer=\"svg\" data-path=\"https:\/\/assets3.lottiefiles.com\/private_files\/lf30_3xyzhml0.json\" data-loop=\"true\">&nbsp;<\/div><\/div>\t\t\t\t<\/div>\n\t\t\t\t<\/div>\n\t\t\t\t<\/div>\n\t\t<div class=\"elementor-element elementor-element-fab4dbd e-con-full e-flex e-con e-child\" data-id=\"fab4dbd\" data-element_type=\"container\" data-e-type=\"container\">\n\t\t\t\t<\/div>\n\t\t\t\t\t<\/div>\n\t\t\t\t<\/div>\n\t\t<div class=\"elementor-element elementor-element-d739057 e-flex e-con-boxed e-con e-parent\" data-id=\"d739057\" data-element_type=\"container\" data-e-type=\"container\">\n\t\t\t\t\t<div class=\"e-con-inner\">\n\t\t\t\t<div class=\"elementor-element elementor-element-6d2b508 elementor-invisible elementor-widget elementor-widget-elementskit-heading\" data-id=\"6d2b508\" data-element_type=\"widget\" data-e-type=\"widget\" data-settings=\"{&quot;_animation&quot;:&quot;fadeInLeft&quot;}\" data-widget_type=\"elementskit-heading.default\">\n\t\t\t\t<div class=\"elementor-widget-container\">\n\t\t\t\t\t<div class=\"ekit-wid-con\" ><div class=\"ekit-heading elementskit-section-title-wraper text_center   ekit_heading_tablet-   ekit_heading_mobile-\"><div class=\"ekit_heading_separetor_wraper ekit_heading_elementskit-border-divider ekit-dotted\"><div class=\"elementskit-border-divider ekit-dotted\"><\/div><\/div><h6 class=\"ekit-heading--title elementskit-section-title \"><span><span>Salidas Coopsurameritos<\/span><\/span><\/h6><\/div><\/div>\t\t\t\t<\/div>\n\t\t\t\t<\/div>\n\t\t\t\t\t<\/div>\n\t\t\t\t<\/div>\n\t\t<div class=\"elementor-element elementor-element-1114e1f e-flex e-con-boxed e-con e-parent\" data-id=\"1114e1f\" data-element_type=\"container\" data-e-type=\"container\">\n\t\t\t\t\t<div class=\"e-con-inner\">\n\t\t\t\t<div class=\"elementor-element elementor-element-aa515aa elementor-arrows-position-inside elementor-pagination-position-outside elementor-widget elementor-widget-image-carousel\" data-id=\"aa515aa\" data-element_type=\"widget\" data-e-type=\"widget\" data-settings=\"{&quot;lazyload&quot;:&quot;yes&quot;,&quot;navigation&quot;:&quot;both&quot;,&quot;autoplay&quot;:&quot;yes&quot;,&quot;pause_on_hover&quot;:&quot;yes&quot;,&quot;pause_on_interaction&quot;:&quot;yes&quot;,&quot;autoplay_speed&quot;:5000,&quot;infinite&quot;:&quot;yes&quot;,&quot;speed&quot;:500}\" data-widget_type=\"image-carousel.default\">\n\t\t\t\t<div class=\"elementor-widget-container\">\n\t\t\t\t\t\t\t<div class=\"elementor-image-carousel-wrapper swiper\" role=\"region\" aria-roledescription=\"carousel\" aria-label=\"Carrusel de im\u00e1genes\" dir=\"ltr\">\n\t\t\t<div class=\"elementor-image-carousel swiper-wrapper swiper-image-stretch\" aria-live=\"off\">\n\t\t\t\t\t\t\t\t<div class=\"swiper-slide\" role=\"group\" aria-roledescription=\"slide\" aria-label=\"1 de 8\"><figure class=\"swiper-slide-inner\"><img class=\"swiper-slide-image swiper-lazy\" data-src=\"https:\/\/www.coopsuramerica.com.co\/web\/wp-content\/uploads\/2022\/11\/1.webp\" alt=\"1\" \/><div class=\"swiper-lazy-preloader\"><\/div><\/figure><\/div><div class=\"swiper-slide\" role=\"group\" aria-roledescription=\"slide\" aria-label=\"2 de 8\"><figure class=\"swiper-slide-inner\"><img class=\"swiper-slide-image swiper-lazy\" data-src=\"https:\/\/www.coopsuramerica.com.co\/web\/wp-content\/uploads\/2022\/11\/20221019_190850.jpg\" alt=\"20221019_190850\" \/><div class=\"swiper-lazy-preloader\"><\/div><\/figure><\/div><div class=\"swiper-slide\" role=\"group\" aria-roledescription=\"slide\" aria-label=\"3 de 8\"><figure class=\"swiper-slide-inner\"><img class=\"swiper-slide-image swiper-lazy\" data-src=\"https:\/\/www.coopsuramerica.com.co\/web\/wp-content\/uploads\/2022\/11\/20221019_193741.jpg\" alt=\"20221019_193741\" \/><div class=\"swiper-lazy-preloader\"><\/div><\/figure><\/div><div class=\"swiper-slide\" role=\"group\" aria-roledescription=\"slide\" aria-label=\"4 de 8\"><figure class=\"swiper-slide-inner\"><img class=\"swiper-slide-image swiper-lazy\" data-src=\"https:\/\/www.coopsuramerica.com.co\/web\/wp-content\/uploads\/2022\/11\/20221019_195156.jpg\" alt=\"20221019_195156\" \/><div class=\"swiper-lazy-preloader\"><\/div><\/figure><\/div><div class=\"swiper-slide\" role=\"group\" aria-roledescription=\"slide\" aria-label=\"5 de 8\"><figure class=\"swiper-slide-inner\"><img class=\"swiper-slide-image swiper-lazy\" data-src=\"https:\/\/www.coopsuramerica.com.co\/web\/wp-content\/uploads\/2022\/11\/20221019_195213.jpg\" alt=\"20221019_195213\" \/><div class=\"swiper-lazy-preloader\"><\/div><\/figure><\/div><div class=\"swiper-slide\" role=\"group\" aria-roledescription=\"slide\" aria-label=\"6 de 8\"><figure class=\"swiper-slide-inner\"><img class=\"swiper-slide-image swiper-lazy\" data-src=\"https:\/\/www.coopsuramerica.com.co\/web\/wp-content\/uploads\/2022\/11\/20221019_195705.jpg\" alt=\"20221019_195705\" \/><div class=\"swiper-lazy-preloader\"><\/div><\/figure><\/div><div class=\"swiper-slide\" role=\"group\" aria-roledescription=\"slide\" aria-label=\"7 de 8\"><figure class=\"swiper-slide-inner\"><img class=\"swiper-slide-image swiper-lazy\" data-src=\"https:\/\/www.coopsuramerica.com.co\/web\/wp-content\/uploads\/2022\/11\/2.webp\" alt=\"2\" \/><div class=\"swiper-lazy-preloader\"><\/div><\/figure><\/div><div class=\"swiper-slide\" role=\"group\" aria-roledescription=\"slide\" aria-label=\"8 de 8\"><figure class=\"swiper-slide-inner\"><img class=\"swiper-slide-image swiper-lazy\" data-src=\"https:\/\/www.coopsuramerica.com.co\/web\/wp-content\/uploads\/2022\/11\/3.webp\" alt=\"3\" \/><div class=\"swiper-lazy-preloader\"><\/div><\/figure><\/div>\t\t\t<\/div>\n\t\t\t\t\t\t\t\t\t\t\t\t<div class=\"elementor-swiper-button elementor-swiper-button-prev\" role=\"button\" tabindex=\"0\">\n\t\t\t\t\t\t<svg aria-hidden=\"true\" class=\"e-font-icon-svg e-eicon-chevron-left\" viewBox=\"0 0 1000 1000\" xmlns=\"http:\/\/www.w3.org\/2000\/svg\"><path d=\"M646 125C629 125 613 133 604 142L308 442C296 454 292 471 292 487 292 504 296 521 308 533L604 854C617 867 629 875 646 875 663 875 679 871 692 858 704 846 713 829 713 812 713 796 708 779 692 767L438 487 692 225C700 217 708 204 708 187 708 171 704 154 692 142 675 129 663 125 646 125Z\"><\/path><\/svg>\t\t\t\t\t<\/div>\n\t\t\t\t\t<div class=\"elementor-swiper-button elementor-swiper-button-next\" role=\"button\" tabindex=\"0\">\n\t\t\t\t\t\t<svg aria-hidden=\"true\" class=\"e-font-icon-svg e-eicon-chevron-right\" viewBox=\"0 0 1000 1000\" xmlns=\"http:\/\/www.w3.org\/2000\/svg\"><path d=\"M696 533C708 521 713 504 713 487 713 471 708 454 696 446L400 146C388 133 375 125 354 125 338 125 325 129 313 142 300 154 292 171 292 187 292 204 296 221 308 233L563 492 304 771C292 783 288 800 288 817 288 833 296 850 308 863 321 871 338 875 354 875 371 875 388 867 400 854L696 533Z\"><\/path><\/svg>\t\t\t\t\t<\/div>\n\t\t\t\t\n\t\t\t\t\t\t\t\t\t<div class=\"swiper-pagination\"><\/div>\n\t\t\t\t\t\t\t\t\t<\/div>\n\t\t\t\t\t\t<\/div>\n\t\t\t\t<\/div>\n\t\t\t\t\t<\/div>\n\t\t\t\t<\/div>\n\t\t<div class=\"elementor-element elementor-element-680d9a0 e-flex e-con-boxed e-con e-parent\" data-id=\"680d9a0\" data-element_type=\"container\" data-e-type=\"container\">\n\t\t\t\t\t<div class=\"e-con-inner\">\n\t\t\t\t<div class=\"elementor-element elementor-element-a387943 elementor-invisible elementor-widget elementor-widget-elementskit-heading\" data-id=\"a387943\" data-element_type=\"widget\" data-e-type=\"widget\" data-settings=\"{&quot;_animation&quot;:&quot;fadeInLeft&quot;}\" data-widget_type=\"elementskit-heading.default\">\n\t\t\t\t<div class=\"elementor-widget-container\">\n\t\t\t\t\t<div class=\"ekit-wid-con\" ><div class=\"ekit-heading elementskit-section-title-wraper text_center   ekit_heading_tablet-   ekit_heading_mobile-\"><div class=\"ekit_heading_separetor_wraper ekit_heading_elementskit-border-divider ekit-dotted\"><div class=\"elementskit-border-divider ekit-dotted\"><\/div><\/div><h6 class=\"ekit-heading--title elementskit-section-title \"><span><span>Caminatas<\/span><\/span><\/h6><\/div><\/div>\t\t\t\t<\/div>\n\t\t\t\t<\/div>\n\t\t\t\t\t<\/div>\n\t\t\t\t<\/div>\n\t\t<div class=\"elementor-element elementor-element-82544fe e-flex e-con-boxed e-con e-parent\" data-id=\"82544fe\" data-element_type=\"container\" data-e-type=\"container\">\n\t\t\t\t\t<div class=\"e-con-inner\">\n\t\t\t\t<div class=\"elementor-element elementor-element-ed18a3e elementor-widget elementor-widget-image-gallery\" data-id=\"ed18a3e\" data-element_type=\"widget\" data-e-type=\"widget\" data-widget_type=\"image-gallery.default\">\n\t\t\t\t<div class=\"elementor-widget-container\">\n\t\t\t\t\t\t\t<div class=\"elementor-image-gallery\">\n\t\t\t<div id='gallery-1' class='gallery galleryid-6414 gallery-columns-4 gallery-size-flash-big'><figure class='gallery-item'>\n\t\t\t<div class='gallery-icon landscape'>\n\t\t\t\t<a data-elementor-open-lightbox=\"yes\" data-elementor-lightbox-slideshow=\"ed18a3e\" data-elementor-lightbox-title=\"IMG-20221101-WA0011\" data-e-action-hash=\"#elementor-action%3Aaction%3Dlightbox%26settings%3DeyJpZCI6NjQ2NCwidXJsIjoiaHR0cHM6XC9cL3d3dy5jb29wc3VyYW1lcmljYS5jb20uY29cL3dlYlwvd3AtY29udGVudFwvdXBsb2Fkc1wvMjAyMlwvMTFcL0lNRy0yMDIyMTEwMS1XQTAwMTEuanBnIiwic2xpZGVzaG93IjoiZWQxOGEzZSJ9\" href='https:\/\/www.coopsuramerica.com.co\/web\/wp-content\/uploads\/2022\/11\/IMG-20221101-WA0011.jpg'><img fetchpriority=\"high\" decoding=\"async\" width=\"800\" height=\"400\" src=\"https:\/\/www.coopsuramerica.com.co\/web\/wp-content\/uploads\/2022\/11\/IMG-20221101-WA0011-800x400.jpg\" class=\"attachment-flash-big size-flash-big\" alt=\"\" \/><\/a>\n\t\t\t<\/div><\/figure><figure class='gallery-item'>\n\t\t\t<div class='gallery-icon landscape'>\n\t\t\t\t<a data-elementor-open-lightbox=\"yes\" data-elementor-lightbox-slideshow=\"ed18a3e\" data-elementor-lightbox-title=\"IMG-20221101-WA0012\" data-e-action-hash=\"#elementor-action%3Aaction%3Dlightbox%26settings%3DeyJpZCI6NjQ2NSwidXJsIjoiaHR0cHM6XC9cL3d3dy5jb29wc3VyYW1lcmljYS5jb20uY29cL3dlYlwvd3AtY29udGVudFwvdXBsb2Fkc1wvMjAyMlwvMTFcL0lNRy0yMDIyMTEwMS1XQTAwMTIuanBnIiwic2xpZGVzaG93IjoiZWQxOGEzZSJ9\" href='https:\/\/www.coopsuramerica.com.co\/web\/wp-content\/uploads\/2022\/11\/IMG-20221101-WA0012.jpg'><img decoding=\"async\" width=\"800\" height=\"400\" src=\"https:\/\/www.coopsuramerica.com.co\/web\/wp-content\/uploads\/2022\/11\/IMG-20221101-WA0012-800x400.jpg\" class=\"attachment-flash-big size-flash-big\" alt=\"\" \/><\/a>\n\t\t\t<\/div><\/figure><figure class='gallery-item'>\n\t\t\t<div class='gallery-icon portrait'>\n\t\t\t\t<a data-elementor-open-lightbox=\"yes\" data-elementor-lightbox-slideshow=\"ed18a3e\" data-elementor-lightbox-title=\"IMG-20221101-WA0013\" data-e-action-hash=\"#elementor-action%3Aaction%3Dlightbox%26settings%3DeyJpZCI6NjQ2NiwidXJsIjoiaHR0cHM6XC9cL3d3dy5jb29wc3VyYW1lcmljYS5jb20uY29cL3dlYlwvd3AtY29udGVudFwvdXBsb2Fkc1wvMjAyMlwvMTFcL0lNRy0yMDIyMTEwMS1XQTAwMTMuanBnIiwic2xpZGVzaG93IjoiZWQxOGEzZSJ9\" href='https:\/\/www.coopsuramerica.com.co\/web\/wp-content\/uploads\/2022\/11\/IMG-20221101-WA0013.jpg'><img decoding=\"async\" width=\"757\" height=\"400\" src=\"https:\/\/www.coopsuramerica.com.co\/web\/wp-content\/uploads\/2022\/11\/IMG-20221101-WA0013-757x400.jpg\" class=\"attachment-flash-big size-flash-big\" alt=\"\" \/><\/a>\n\t\t\t<\/div><\/figure><figure class='gallery-item'>\n\t\t\t<div class='gallery-icon landscape'>\n\t\t\t\t<a data-elementor-open-lightbox=\"yes\" data-elementor-lightbox-slideshow=\"ed18a3e\" data-elementor-lightbox-title=\"IMG-20221101-WA0014\" data-e-action-hash=\"#elementor-action%3Aaction%3Dlightbox%26settings%3DeyJpZCI6NjQ2NywidXJsIjoiaHR0cHM6XC9cL3d3dy5jb29wc3VyYW1lcmljYS5jb20uY29cL3dlYlwvd3AtY29udGVudFwvdXBsb2Fkc1wvMjAyMlwvMTFcL0lNRy0yMDIyMTEwMS1XQTAwMTQuanBnIiwic2xpZGVzaG93IjoiZWQxOGEzZSJ9\" href='https:\/\/www.coopsuramerica.com.co\/web\/wp-content\/uploads\/2022\/11\/IMG-20221101-WA0014.jpg'><img loading=\"lazy\" decoding=\"async\" width=\"800\" height=\"400\" src=\"https:\/\/www.coopsuramerica.com.co\/web\/wp-content\/uploads\/2022\/11\/IMG-20221101-WA0014-800x400.jpg\" class=\"attachment-flash-big size-flash-big\" alt=\"\" \/><\/a>\n\t\t\t<\/div><\/figure><figure class='gallery-item'>\n\t\t\t<div class='gallery-icon landscape'>\n\t\t\t\t<a data-elementor-open-lightbox=\"yes\" data-elementor-lightbox-slideshow=\"ed18a3e\" data-elementor-lightbox-title=\"IMG-20221101-WA0015\" data-e-action-hash=\"#elementor-action%3Aaction%3Dlightbox%26settings%3DeyJpZCI6NjQ2OCwidXJsIjoiaHR0cHM6XC9cL3d3dy5jb29wc3VyYW1lcmljYS5jb20uY29cL3dlYlwvd3AtY29udGVudFwvdXBsb2Fkc1wvMjAyMlwvMTFcL0lNRy0yMDIyMTEwMS1XQTAwMTUuanBnIiwic2xpZGVzaG93IjoiZWQxOGEzZSJ9\" href='https:\/\/www.coopsuramerica.com.co\/web\/wp-content\/uploads\/2022\/11\/IMG-20221101-WA0015.jpg'><img loading=\"lazy\" decoding=\"async\" width=\"800\" height=\"400\" src=\"https:\/\/www.coopsuramerica.com.co\/web\/wp-content\/uploads\/2022\/11\/IMG-20221101-WA0015-800x400.jpg\" class=\"attachment-flash-big size-flash-big\" alt=\"\" \/><\/a>\n\t\t\t<\/div><\/figure><figure class='gallery-item'>\n\t\t\t<div class='gallery-icon landscape'>\n\t\t\t\t<a data-elementor-open-lightbox=\"yes\" data-elementor-lightbox-slideshow=\"ed18a3e\" data-elementor-lightbox-title=\"IMG-20221101-WA0016\" data-e-action-hash=\"#elementor-action%3Aaction%3Dlightbox%26settings%3DeyJpZCI6NjQ2OSwidXJsIjoiaHR0cHM6XC9cL3d3dy5jb29wc3VyYW1lcmljYS5jb20uY29cL3dlYlwvd3AtY29udGVudFwvdXBsb2Fkc1wvMjAyMlwvMTFcL0lNRy0yMDIyMTEwMS1XQTAwMTYuanBnIiwic2xpZGVzaG93IjoiZWQxOGEzZSJ9\" href='https:\/\/www.coopsuramerica.com.co\/web\/wp-content\/uploads\/2022\/11\/IMG-20221101-WA0016.jpg'><img loading=\"lazy\" decoding=\"async\" width=\"800\" height=\"400\" src=\"https:\/\/www.coopsuramerica.com.co\/web\/wp-content\/uploads\/2022\/11\/IMG-20221101-WA0016-800x400.jpg\" class=\"attachment-flash-big size-flash-big\" alt=\"\" \/><\/a>\n\t\t\t<\/div><\/figure>\n\t\t<\/div>\n\t\t<\/div>\n\t\t\t\t\t\t<\/div>\n\t\t\t\t<\/div>\n\t\t\t\t\t<\/div>\n\t\t\t\t<\/div>\n\t\t<div class=\"elementor-element elementor-element-28d0618 e-flex e-con-boxed e-con e-parent\" data-id=\"28d0618\" data-element_type=\"container\" data-e-type=\"container\">\n\t\t\t\t\t<div class=\"e-con-inner\">\n\t\t\t\t<div class=\"elementor-element elementor-element-452bbc0 elementor-widget elementor-widget-text-editor\" data-id=\"452bbc0\" data-element_type=\"widget\" data-e-type=\"widget\" data-widget_type=\"text-editor.default\">\n\t\t\t\t<div class=\"elementor-widget-container\">\n\t\t\t\t\t\t\t\t\t<p style=\"text-align: center;\">Actividades y diversi\u00f3n para nuestros asociados desde los m\u00e1s peque\u00f1os! nuestros <strong><span style=\"color: #008000;\">Coopsurameritos<\/span><\/strong><\/p>\t\t\t\t\t\t\t\t<\/div>\n\t\t\t\t<\/div>\n\t\t\t\t\t<\/div>\n\t\t\t\t<\/div>\n\t\t<div class=\"elementor-element elementor-element-9560fac e-flex e-con-boxed e-con e-parent\" data-id=\"9560fac\" data-element_type=\"container\" data-e-type=\"container\">\n\t\t\t\t\t<div class=\"e-con-inner\">\n\t\t\t\t<div class=\"elementor-element elementor-element-7e0ca5d elementor-invisible elementor-widget elementor-widget-elementskit-heading\" data-id=\"7e0ca5d\" data-element_type=\"widget\" data-e-type=\"widget\" data-settings=\"{&quot;_animation&quot;:&quot;fadeInLeft&quot;}\" data-widget_type=\"elementskit-heading.default\">\n\t\t\t\t<div class=\"elementor-widget-container\">\n\t\t\t\t\t<div class=\"ekit-wid-con\" ><div class=\"ekit-heading elementskit-section-title-wraper text_center   ekit_heading_tablet-   ekit_heading_mobile-\"><div class=\"ekit_heading_separetor_wraper ekit_heading_elementskit-border-divider ekit-dotted\"><div class=\"elementskit-border-divider ekit-dotted\"><\/div><\/div><h6 class=\"ekit-heading--title elementskit-section-title \"><span><span>Otros enlaces de inter\u00e9s<\/span><\/span><\/h6><\/div><\/div>\t\t\t\t<\/div>\n\t\t\t\t<\/div>\n\t\t\t\t\t<\/div>\n\t\t\t\t<\/div>\n\t\t<div class=\"elementor-element elementor-element-8bea6bf e-flex e-con-boxed e-con e-parent\" data-id=\"8bea6bf\" data-element_type=\"container\" data-e-type=\"container\">\n\t\t\t\t\t<div class=\"e-con-inner\">\n\t\t\t\t<div class=\"elementor-element elementor-element-a302baa elementor-widget elementor-widget-ekit-nav-menu\" data-id=\"a302baa\" data-element_type=\"widget\" data-e-type=\"widget\" data-widget_type=\"ekit-nav-menu.default\">\n\t\t\t\t<div class=\"elementor-widget-container\">\n\t\t\t\t\t\t\t<nav class=\"ekit-wid-con ekit_menu_responsive_mobile\"\n\t\t\tdata-hamburger-icon=\"\"\n\t\t\tdata-hamburger-icon-type=\"icon\"\n\t\t\tdata-responsive-breakpoint=\"767\">\n\t\t\t            <button class=\"elementskit-menu-hamburger elementskit-menu-toggler\"  type=\"button\" aria-label=\"hamburger-icon\">\n                                    <span class=\"elementskit-menu-hamburger-icon\"><\/span><span class=\"elementskit-menu-hamburger-icon\"><\/span><span class=\"elementskit-menu-hamburger-icon\"><\/span>\n                            <\/button>\n            <div id=\"ekit-megamenu-quienes-somos\" class=\"elementskit-menu-container elementskit-menu-offcanvas-elements elementskit-navbar-nav-default ekit-nav-menu-one-page- ekit-nav-dropdown-hover\"><ul id=\"menu-quienes-somos\" class=\"elementskit-navbar-nav elementskit-menu-po-center submenu-click-on-icon\"><li id=\"menu-item-2777\" class=\"menu-item menu-item-type-post_type menu-item-object-page menu-item-2777 nav-item elementskit-mobile-builder-content\" data-vertical-menu=750px><a href=\"https:\/\/www.coopsuramerica.com.co\/web\/quienes-somos\/historia\/\" class=\"ekit-menu-nav-link\">Rese\u00f1a<\/a><\/li>\n<li id=\"menu-item-2778\" class=\"menu-item menu-item-type-post_type menu-item-object-page menu-item-2778 nav-item elementskit-mobile-builder-content\" data-vertical-menu=750px><a href=\"https:\/\/www.coopsuramerica.com.co\/web\/quienes-somos\/nuestro-negocio\/\" class=\"ekit-menu-nav-link\">Nuestro Negocio<\/a><\/li>\n<li id=\"menu-item-2775\" class=\"menu-item menu-item-type-post_type menu-item-object-page menu-item-2775 nav-item elementskit-mobile-builder-content\" data-vertical-menu=750px><a href=\"https:\/\/www.coopsuramerica.com.co\/web\/quienes-somos\/curso-de-cooperativismo\/\" class=\"ekit-menu-nav-link\">Curso de Cooperativismo<\/a><\/li>\n<li id=\"menu-item-2773\" class=\"menu-item menu-item-type-post_type menu-item-object-page menu-item-2773 nav-item elementskit-mobile-builder-content\" data-vertical-menu=750px><a href=\"https:\/\/www.coopsuramerica.com.co\/web\/quienes-somos\/como-afiliarse\/\" class=\"ekit-menu-nav-link\">Como Afiliarse<\/a><\/li>\n<li id=\"menu-item-2780\" class=\"menu-item menu-item-type-post_type menu-item-object-page menu-item-2780 nav-item elementskit-mobile-builder-content\" data-vertical-menu=750px><a href=\"https:\/\/www.coopsuramerica.com.co\/web\/quienes-somos\/publicaciones\/\" class=\"ekit-menu-nav-link\">Publicaciones<\/a><\/li>\n<li id=\"menu-item-2774\" class=\"menu-item menu-item-type-post_type menu-item-object-page menu-item-2774 nav-item elementskit-mobile-builder-content\" data-vertical-menu=750px><a href=\"https:\/\/www.coopsuramerica.com.co\/web\/quienes-somos\/composicion-cuerpos-directivos\/\" class=\"ekit-menu-nav-link\">Composici\u00f3n Cuerpos Directivos<\/a><\/li>\n<li id=\"menu-item-2779\" class=\"menu-item menu-item-type-post_type menu-item-object-page menu-item-2779 nav-item elementskit-mobile-builder-content\" data-vertical-menu=750px><a href=\"https:\/\/www.coopsuramerica.com.co\/web\/quienes-somos\/proteccion-de-datos-personales\/\" class=\"ekit-menu-nav-link\">Protecci\u00f3n de datos personales<\/a><\/li>\n<\/ul><div class=\"elementskit-nav-identity-panel\"><button class=\"elementskit-menu-close elementskit-menu-toggler\" type=\"button\">X<\/button><\/div><\/div>\n\t\t\t<div class=\"elementskit-menu-overlay elementskit-menu-offcanvas-elements elementskit-menu-toggler ekit-nav-menu--overlay\"><\/div>        <\/nav>\n\t\t\t\t\t\t<\/div>\n\t\t\t\t<\/div>\n\t\t\t\t\t<\/div>\n\t\t\t\t<\/div>\n\t\t<div class=\"elementor-element elementor-element-a089570 e-flex e-con-boxed e-con e-parent\" data-id=\"a089570\" data-element_type=\"container\" data-e-type=\"container\">\n\t\t\t\t\t<div class=\"e-con-inner\">\n\t\t\t\t<div class=\"elementor-element elementor-element-2869ba6 elementor-widget elementor-widget-image\" data-id=\"2869ba6\" data-element_type=\"widget\" data-e-type=\"widget\" data-widget_type=\"image.default\">\n\t\t\t\t<div class=\"elementor-widget-container\">\n\t\t\t\t\t\t\t\t\t\t\t\t\t\t\t<img loading=\"lazy\" decoding=\"async\" width=\"1000\" height=\"100\" src=\"https:\/\/www.coopsuramerica.com.co\/web\/wp-content\/uploads\/2024\/03\/vigilados.png\" class=\"attachment-large size-large wp-image-7498\" alt=\"\" srcset=\"https:\/\/www.coopsuramerica.com.co\/web\/wp-content\/uploads\/2024\/03\/vigilados.png 1000w, https:\/\/www.coopsuramerica.com.co\/web\/wp-content\/uploads\/2024\/03\/vigilados-300x30.png 300w, https:\/\/www.coopsuramerica.com.co\/web\/wp-content\/uploads\/2024\/03\/vigilados-768x77.png 768w\" sizes=\"(max-width: 1000px) 100vw, 1000px\" \/>\t\t\t\t\t\t\t\t\t\t\t\t\t\t\t<\/div>\n\t\t\t\t<\/div>\n\t\t\t\t\t<\/div>\n\t\t\t\t<\/div>\n\t\t\t\t<\/div>\n\t\t","protected":false},"excerpt":{"rendered":"<p>Educaci\u00f3n Actividades Comit\u00e9 de educaci\u00f3n y fondo social para bienestar comunitario &nbsp; Salidas Coopsurameritos Caminatas Actividades y diversi\u00f3n para nuestros asociados desde los m\u00e1s peque\u00f1os! nuestros Coopsurameritos Otros enlaces de inter\u00e9s Rese\u00f1a Nuestro Negocio Curso de Cooperativismo Como Afiliarse Publicaciones Composici\u00f3n Cuerpos Directivos Protecci\u00f3n de datos personales X<\/p>\n","protected":false},"author":2,"featured_media":0,"parent":0,"menu_order":0,"comment_status":"closed","ping_status":"closed","template":"","meta":{"_monsterinsights_skip_tracking":false,"_monsterinsights_sitenote_active":false,"_monsterinsights_sitenote_note":"","_monsterinsights_sitenote_category":0,"footnotes":""},"class_list":["post-6414","page","type-page","status-publish","hentry"],"_links":{"self":[{"href":"https:\/\/www.coopsuramerica.com.co\/web\/wp-json\/wp\/v2\/pages\/6414","targetHints":{"allow":["GET"]}}],"collection":[{"href":"https:\/\/www.coopsuramerica.com.co\/web\/wp-json\/wp\/v2\/pages"}],"about":[{"href":"https:\/\/www.coopsuramerica.com.co\/web\/wp-json\/wp\/v2\/types\/page"}],"author":[{"embeddable":true,"href":"https:\/\/www.coopsuramerica.com.co\/web\/wp-json\/wp\/v2\/users\/2"}],"replies":[{"embeddable":true,"href":"https:\/\/www.coopsuramerica.com.co\/web\/wp-json\/wp\/v2\/comments?post=6414"}],"version-history":[{"count":0,"href":"https:\/\/www.coopsuramerica.com.co\/web\/wp-json\/wp\/v2\/pages\/6414\/revisions"}],"wp:attachment":[{"href":"https:\/\/www.coopsuramerica.com.co\/web\/wp-json\/wp\/v2\/media?parent=6414"}],"curies":[{"name":"wp","href":"https:\/\/api.w.org\/{rel}","templated":true}]}}