{"id":8970,"date":"2026-01-06T21:10:29","date_gmt":"2026-01-06T21:10:29","guid":{"rendered":"https:\/\/www.coopsuramerica.com.co\/web\/?page_id=8970"},"modified":"2026-01-06T21:48:47","modified_gmt":"2026-01-06T21:48:47","slug":"fundacion","status":"publish","type":"page","link":"https:\/\/www.coopsuramerica.com.co\/web\/fundacion\/","title":{"rendered":"FUNDACION"},"content":{"rendered":"\t\t<div data-elementor-type=\"wp-page\" data-elementor-id=\"8970\" class=\"elementor elementor-8970\">\n\t\t\t\t<div class=\"elementor-element elementor-element-ff82c7c e-flex e-con-boxed e-con e-parent\" data-id=\"ff82c7c\" data-element_type=\"container\" data-e-type=\"container\">\n\t\t\t\t\t<div class=\"e-con-inner\">\n\t\t<div class=\"elementor-element elementor-element-4176e56 e-con-full e-flex e-con e-child\" data-id=\"4176e56\" data-element_type=\"container\" data-e-type=\"container\">\n\t\t\t\t<div class=\"elementor-element elementor-element-f932534 elementor-widget elementor-widget-elementskit-heading\" data-id=\"f932534\" data-element_type=\"widget\" data-e-type=\"widget\" data-widget_type=\"elementskit-heading.default\">\n\t\t\t\t<div class=\"elementor-widget-container\">\n\t\t\t\t\t<div class=\"ekit-wid-con\" ><div class=\"ekit-heading elementskit-section-title-wraper text_left   ekit_heading_tablet-   ekit_heading_mobile-\"><h2 class=\"ekit-heading--title elementskit-section-title \">FUNDACI\u00d3N <span><span>PROYECTO UNI\u00d3N<\/span><\/span><\/h2><div class=\"ekit_heading_separetor_wraper ekit_heading_elementskit-border-divider ekit-dotted\"><div class=\"elementskit-border-divider ekit-dotted\"><\/div><\/div><\/div><\/div>\t\t\t\t<\/div>\n\t\t\t\t<\/div>\n\t\t\t\t<div class=\"elementor-element elementor-element-fee8a93 elementor-widget elementor-widget-text-editor\" data-id=\"fee8a93\" data-element_type=\"widget\" data-e-type=\"widget\" data-widget_type=\"text-editor.default\">\n\t\t\t\t<div class=\"elementor-widget-container\">\n\t\t\t\t\t\t\t\t\t<h3><strong>Apoya la esperanza, transforma vidas<\/strong><\/h3>\n<p><!--StartFragment --><\/p>\n<p>En nuestra comunidad existen personas que enfrentan grandes desaf\u00edos cada d\u00eda. Ni\u00f1os con discapacidad que necesitan cuidados especiales y oportunidades para desarrollarse, y adultos mayores en condici\u00f3n de calle que buscan un gesto de solidaridad para recuperar su dignidad.<\/p>\n<p>Coopsuramerica tiene dentro de sus asociados personas que hacen parte de La <strong>Fundaci\u00f3n Proyecto Uni\u00f3n<\/strong> quienes trabajan incansablemente para brindarles acompa\u00f1amiento, alimentaci\u00f3n, atenci\u00f3n m\u00e9dica y espacios seguros a las personas que lo necesitan, creando un entorno donde puedan sentirse valorados y respetados.&nbsp;<\/p>\n<p>T\u00fa puedes ser parte de este esfuerzo. Con tu apoyo, la fundaci\u00f3n logra extender su mano a m\u00e1s personas, ofrecer programas de inclusi\u00f3n y garantizar que nadie quede olvidado. Cada aporte, grande o peque\u00f1o, se convierte en una oportunidad de cambio real.<\/p>\n<p>Invitamos a todos nuestros asociados a sumarse a esta causa noble. Tu solidaridad no solo ayuda a cubrir necesidades b\u00e1sicas, tambi\u00e9n env\u00eda un mensaje de amor y compromiso hacia quienes enfrentan la vida en condiciones dif\u00edciles.<\/p>\n<p><!--EndFragment --><\/p>\t\t\t\t\t\t\t\t<\/div>\n\t\t\t\t<\/div>\n\t\t\t\t<\/div>\n\t\t<div class=\"elementor-element elementor-element-af69902 e-con-full e-flex e-con e-child\" data-id=\"af69902\" data-element_type=\"container\" data-e-type=\"container\">\n\t\t\t\t<div class=\"elementor-element elementor-element-5baec96 elementor-widget elementor-widget-image\" data-id=\"5baec96\" data-element_type=\"widget\" data-e-type=\"widget\" data-widget_type=\"image.default\">\n\t\t\t\t<div class=\"elementor-widget-container\">\n\t\t\t\t\t\t\t\t\t\t\t\t\t\t\t<img fetchpriority=\"high\" decoding=\"async\" width=\"768\" height=\"960\" src=\"https:\/\/www.coopsuramerica.com.co\/web\/wp-content\/uploads\/2026\/01\/FUNDACION-768x960.jpg\" class=\"attachment-medium_large size-medium_large wp-image-8972\" alt=\"\" srcset=\"https:\/\/www.coopsuramerica.com.co\/web\/wp-content\/uploads\/2026\/01\/FUNDACION-768x960.jpg 768w, https:\/\/www.coopsuramerica.com.co\/web\/wp-content\/uploads\/2026\/01\/FUNDACION-240x300.jpg 240w, https:\/\/www.coopsuramerica.com.co\/web\/wp-content\/uploads\/2026\/01\/FUNDACION-819x1024.jpg 819w, https:\/\/www.coopsuramerica.com.co\/web\/wp-content\/uploads\/2026\/01\/FUNDACION.jpg 1080w\" sizes=\"(max-width: 768px) 100vw, 768px\" \/>\t\t\t\t\t\t\t\t\t\t\t\t\t\t\t<\/div>\n\t\t\t\t<\/div>\n\t\t\t\t<\/div>\n\t\t<div class=\"elementor-element elementor-element-b4002cb e-con-full e-flex e-con e-child\" data-id=\"b4002cb\" data-element_type=\"container\" data-e-type=\"container\">\n\t\t\t\t<div class=\"elementor-element elementor-element-dd18284 elementor-widget elementor-widget-elementskit-heading\" data-id=\"dd18284\" data-element_type=\"widget\" data-e-type=\"widget\" data-widget_type=\"elementskit-heading.default\">\n\t\t\t\t<div class=\"elementor-widget-container\">\n\t\t\t\t\t<div class=\"ekit-wid-con\" ><div class=\"ekit-heading elementskit-section-title-wraper text_left   ekit_heading_tablet-   ekit_heading_mobile-\"><h3 class=\"ekit-heading--title elementskit-section-title \">Haz la diferencia <span><span>hoy<\/span><\/span><\/h3><div class=\"ekit_heading_separetor_wraper ekit_heading_elementskit-border-divider ekit-dotted\"><div class=\"elementskit-border-divider ekit-dotted\"><\/div><\/div><\/div><\/div>\t\t\t\t<\/div>\n\t\t\t\t<\/div>\n\t\t\t\t<div class=\"elementor-element elementor-element-248f858 elementor-align-left elementor-widget elementor-widget-elementskit-button\" data-id=\"248f858\" data-element_type=\"widget\" data-e-type=\"widget\" data-widget_type=\"elementskit-button.default\">\n\t\t\t\t<div class=\"elementor-widget-container\">\n\t\t\t\t\t<div class=\"ekit-wid-con\" >\t\t<div class=\"ekit-btn-wraper\">\n\t\t\t\t\t\t\t<a href=\"https:\/\/www.proyectounion.org\/donaciones\/\" target=\"_blank\" class=\"elementskit-btn  whitespace--normal\" id=\"\">\n\t\t\t\t\t<svg class=\"e-font-icon-svg e-fas-hand-point-right\" viewBox=\"0 0 512 512\" xmlns=\"http:\/\/www.w3.org\/2000\/svg\"><path d=\"M512 199.652c0 23.625-20.65 43.826-44.8 43.826h-99.851c16.34 17.048 18.346 49.766-6.299 70.944 14.288 22.829 2.147 53.017-16.45 62.315C353.574 425.878 322.654 448 272 448c-2.746 0-13.276-.203-16-.195-61.971.168-76.894-31.065-123.731-38.315C120.596 407.683 112 397.599 112 385.786V214.261l.002-.001c.011-18.366 10.607-35.889 28.464-43.845 28.886-12.994 95.413-49.038 107.534-77.323 7.797-18.194 21.384-29.084 40-29.092 34.222-.014 57.752 35.098 44.119 66.908-3.583 8.359-8.312 16.67-14.153 24.918H467.2c23.45 0 44.8 20.543 44.8 43.826zM96 200v192c0 13.255-10.745 24-24 24H24c-13.255 0-24-10.745-24-24V200c0-13.255 10.745-24 24-24h48c13.255 0 24 10.745 24 24zM68 368c0-11.046-8.954-20-20-20s-20 8.954-20 20 8.954 20 20 20 20-8.954 20-20z\"><\/path><\/svg>Donar Ahora\t\t\t\t<\/a>\n\t\t\t\t\t<\/div>\n        <\/div>\t\t\t\t<\/div>\n\t\t\t\t<\/div>\n\t\t\t\t<\/div>\n\t\t<div class=\"elementor-element elementor-element-14d1341 e-con-full e-flex e-con e-child\" data-id=\"14d1341\" data-element_type=\"container\" data-e-type=\"container\">\n\t\t\t\t<div class=\"elementor-element elementor-element-4d7cc23 elementor-widget elementor-widget-video\" data-id=\"4d7cc23\" data-element_type=\"widget\" data-e-type=\"widget\" data-settings=\"{&quot;youtube_url&quot;:&quot;https:\\\/\\\/www.youtube.com\\\/shorts\\\/NvrABukDV4E&quot;,&quot;video_type&quot;:&quot;youtube&quot;,&quot;controls&quot;:&quot;yes&quot;}\" data-widget_type=\"video.default\">\n\t\t\t\t<div class=\"elementor-widget-container\">\n\t\t\t\t\t\t\t<div class=\"elementor-wrapper elementor-open-inline\">\n\t\t\t<div class=\"elementor-video\"><\/div>\t\t<\/div>\n\t\t\t\t\t\t<\/div>\n\t\t\t\t<\/div>\n\t\t\t\t<\/div>\n\t\t\t\t\t<\/div>\n\t\t\t\t<\/div>\n\t\t<div class=\"elementor-element elementor-element-40461ad e-flex e-con-boxed e-con e-parent\" data-id=\"40461ad\" data-element_type=\"container\" data-e-type=\"container\">\n\t\t\t\t\t<div class=\"e-con-inner\">\n\t\t\t\t\t<\/div>\n\t\t\t\t<\/div>\n\t\t\t\t<\/div>\n\t\t","protected":false},"excerpt":{"rendered":"<p>FUNDACI\u00d3N PROYECTO UNI\u00d3N Apoya la esperanza, transforma vidas En nuestra comunidad existen personas que enfrentan grandes desaf\u00edos cada d\u00eda. Ni\u00f1os con discapacidad que necesitan cuidados especiales y oportunidades para desarrollarse, y adultos mayores en condici\u00f3n de calle que buscan un gesto de solidaridad para recuperar su dignidad. Coopsuramerica tiene dentro de sus asociados personas que <a class=\"read-more\" href=\"https:\/\/www.coopsuramerica.com.co\/web\/fundacion\/\">LEER M\u00c1S<\/a><\/p>\n","protected":false},"author":2,"featured_media":0,"parent":0,"menu_order":0,"comment_status":"closed","ping_status":"closed","template":"","meta":{"_monsterinsights_skip_tracking":false,"_monsterinsights_sitenote_active":false,"_monsterinsights_sitenote_note":"","_monsterinsights_sitenote_category":0,"footnotes":""},"class_list":["post-8970","page","type-page","status-publish","hentry"],"_links":{"self":[{"href":"https:\/\/www.coopsuramerica.com.co\/web\/wp-json\/wp\/v2\/pages\/8970","targetHints":{"allow":["GET"]}}],"collection":[{"href":"https:\/\/www.coopsuramerica.com.co\/web\/wp-json\/wp\/v2\/pages"}],"about":[{"href":"https:\/\/www.coopsuramerica.com.co\/web\/wp-json\/wp\/v2\/types\/page"}],"author":[{"embeddable":true,"href":"https:\/\/www.coopsuramerica.com.co\/web\/wp-json\/wp\/v2\/users\/2"}],"replies":[{"embeddable":true,"href":"https:\/\/www.coopsuramerica.com.co\/web\/wp-json\/wp\/v2\/comments?post=8970"}],"version-history":[{"count":16,"href":"https:\/\/www.coopsuramerica.com.co\/web\/wp-json\/wp\/v2\/pages\/8970\/revisions"}],"predecessor-version":[{"id":8989,"href":"https:\/\/www.coopsuramerica.com.co\/web\/wp-json\/wp\/v2\/pages\/8970\/revisions\/8989"}],"wp:attachment":[{"href":"https:\/\/www.coopsuramerica.com.co\/web\/wp-json\/wp\/v2\/media?parent=8970"}],"curies":[{"name":"wp","href":"https:\/\/api.w.org\/{rel}","templated":true}]}}